{"id":117,"date":"2026-01-14T16:29:06","date_gmt":"2026-01-14T16:29:06","guid":{"rendered":"https:\/\/mdecomunicacion.com\/casarojo\/?post_type=product&#038;p=117"},"modified":"2026-04-04T23:12:39","modified_gmt":"2026-04-04T22:12:39","slug":"enemigo-mio","status":"publish","type":"product","link":"https:\/\/www.casarojo.com\/en\/product\/enemigo-mio\/","title":{"rendered":"Enemigo M\u00edo"},"content":{"rendered":"<p>It possesses an elegant and broad nose, with floral and balsamic tones and a predominance of fresh red fruit, accompanied by subtle hints of toffee. It has an agile and fresh mouthfeel due to the fruity character of the Garnacha, with a pleasant and long finish, along with light and well-integrated tannins.<\/p>\n<p><strong><em>Garnacha (IGP Tierra de Murcia) &#8211; Cosecha 2025<\/em><\/strong><\/p>","protected":false},"excerpt":{"rendered":"<p>The perfect tension between strength and elegance. A reflection of the nature surrounding the winery in the Paraje de La Raja.<\/p>","protected":false},"featured_media":385,"comment_status":"open","ping_status":"closed","template":"","meta":[],"product_brand":[],"product_cat":[21,17],"product_tag":[28],"class_list":{"0":"post-117","1":"product","2":"type-product","3":"status-publish","4":"has-post-thumbnail","6":"product_cat-tintos","7":"product_cat-vinos","8":"product_tag-bio","10":"first","11":"instock","12":"shipping-taxable","13":"product-type-variable"},"yoast_head":"<!-- This site is optimized with the Yoast SEO plugin v27.2 - https:\/\/yoast.com\/product\/yoast-seo-wordpress\/ -->\n<title>Enemigo M\u00edo - Casa Rojo Bodega y Vi\u00f1edos - Web Oficial<\/title>\n<meta name=\"robots\" content=\"noindex, follow\" \/>\n<meta property=\"og:locale\" content=\"en_GB\" \/>\n<meta property=\"og:type\" content=\"article\" \/>\n<meta property=\"og:title\" content=\"Enemigo M\u00edo - Casa Rojo Bodega y Vi\u00f1edos - Web Oficial\" \/>\n<meta property=\"og:description\" content=\"La tensi\u00f3n perfecta entre fuerza y elegancia. Un reflejo de la naturaleza que rodea la bodega del Paraje de La Raja.\" \/>\n<meta property=\"og:url\" content=\"https:\/\/www.casarojo.com\/en\/product\/enemigo-mio\/\" \/>\n<meta property=\"og:site_name\" content=\"Casa Rojo Bodega y Vi\u00f1edos - Web Oficial\" \/>\n<meta property=\"article:publisher\" content=\"https:\/\/www.facebook.com\/casarojoenoturismo\/\" \/>\n<meta property=\"article:modified_time\" content=\"2026-04-04T22:12:39+00:00\" \/>\n<meta property=\"og:image\" content=\"https:\/\/www.casarojo.com\/wp-content\/uploads\/2026\/01\/Botella_EnemigoMio_web.png\" \/>\n\t<meta property=\"og:image:width\" content=\"582\" \/>\n\t<meta property=\"og:image:height\" content=\"1302\" \/>\n\t<meta property=\"og:image:type\" content=\"image\/png\" \/>\n<meta name=\"twitter:card\" content=\"summary_large_image\" \/>\n<meta name=\"twitter:label1\" content=\"Estimated reading time\" \/>\n\t<meta name=\"twitter:data1\" content=\"1 minute\" \/>\n<script type=\"application\/ld+json\" class=\"yoast-schema-graph\">{\"@context\":\"https:\/\/schema.org\",\"@graph\":[{\"@type\":\"WebPage\",\"@id\":\"https:\/\/www.casarojo.com\/producto\/enemigo-mio\/\",\"url\":\"https:\/\/www.casarojo.com\/producto\/enemigo-mio\/\",\"name\":\"Enemigo M\u00edo - Casa Rojo Bodega y Vi\u00f1edos - Web Oficial\",\"isPartOf\":{\"@id\":\"https:\/\/www.casarojo.com\/#website\"},\"primaryImageOfPage\":{\"@id\":\"https:\/\/www.casarojo.com\/producto\/enemigo-mio\/#primaryimage\"},\"image\":{\"@id\":\"https:\/\/www.casarojo.com\/producto\/enemigo-mio\/#primaryimage\"},\"thumbnailUrl\":\"https:\/\/www.casarojo.com\/wp-content\/uploads\/2026\/01\/Botella_EnemigoMio_web.png\",\"datePublished\":\"2026-01-14T16:29:06+00:00\",\"dateModified\":\"2026-04-04T22:12:39+00:00\",\"breadcrumb\":{\"@id\":\"https:\/\/www.casarojo.com\/producto\/enemigo-mio\/#breadcrumb\"},\"inLanguage\":\"en-GB\",\"potentialAction\":[{\"@type\":\"ReadAction\",\"target\":[\"https:\/\/www.casarojo.com\/producto\/enemigo-mio\/\"]}]},{\"@type\":\"ImageObject\",\"inLanguage\":\"en-GB\",\"@id\":\"https:\/\/www.casarojo.com\/producto\/enemigo-mio\/#primaryimage\",\"url\":\"https:\/\/www.casarojo.com\/wp-content\/uploads\/2026\/01\/Botella_EnemigoMio_web.png\",\"contentUrl\":\"https:\/\/www.casarojo.com\/wp-content\/uploads\/2026\/01\/Botella_EnemigoMio_web.png\",\"width\":582,\"height\":1302},{\"@type\":\"BreadcrumbList\",\"@id\":\"https:\/\/www.casarojo.com\/producto\/enemigo-mio\/#breadcrumb\",\"itemListElement\":[{\"@type\":\"ListItem\",\"position\":1,\"name\":\"Portada\",\"item\":\"https:\/\/www.casarojo.com\/\"},{\"@type\":\"ListItem\",\"position\":2,\"name\":\"Productos\",\"item\":\"https:\/\/www.casarojo.com\/tienda\/\"},{\"@type\":\"ListItem\",\"position\":3,\"name\":\"Enemigo M\u00edo\"}]},{\"@type\":\"WebSite\",\"@id\":\"https:\/\/www.casarojo.com\/#website\",\"url\":\"https:\/\/www.casarojo.com\/\",\"name\":\"Casa Rojo Bodega y Vi\u00f1edos - Web Oficial\",\"description\":\"Casa Rojo Bodega y Vi\u00f1edos. Ribera del Duero - Tierra de Murcia. Mucho que contar.\",\"publisher\":{\"@id\":\"https:\/\/www.casarojo.com\/#organization\"},\"alternateName\":\"Casa Rojo\",\"potentialAction\":[{\"@type\":\"SearchAction\",\"target\":{\"@type\":\"EntryPoint\",\"urlTemplate\":\"https:\/\/www.casarojo.com\/?s={search_term_string}\"},\"query-input\":{\"@type\":\"PropertyValueSpecification\",\"valueRequired\":true,\"valueName\":\"search_term_string\"}}],\"inLanguage\":\"en-GB\"},{\"@type\":\"Organization\",\"@id\":\"https:\/\/www.casarojo.com\/#organization\",\"name\":\"Casa Rojo Bodega y Vi\u00f1edos - Web Oficial\",\"url\":\"https:\/\/www.casarojo.com\/\",\"logo\":{\"@type\":\"ImageObject\",\"inLanguage\":\"en-GB\",\"@id\":\"https:\/\/www.casarojo.com\/#\/schema\/logo\/image\/\",\"url\":\"https:\/\/www.casarojo.com\/wp-content\/uploads\/2026\/01\/favicon.jpg\",\"contentUrl\":\"https:\/\/www.casarojo.com\/wp-content\/uploads\/2026\/01\/favicon.jpg\",\"width\":150,\"height\":150,\"caption\":\"Casa Rojo Bodega y Vi\u00f1edos - Web Oficial\"},\"image\":{\"@id\":\"https:\/\/www.casarojo.com\/#\/schema\/logo\/image\/\"},\"sameAs\":[\"https:\/\/www.facebook.com\/casarojoenoturismo\/\",\"https:\/\/www.instagram.com\/bodegascasarojo\/\",\"https:\/\/www.youtube.com\/@casarojo2952\/\",\"https:\/\/www.linkedin.com\/company\/exporto-mediterranean-wines---emw-spain\/\",\"https:\/\/www.tiktok.com\/@bodegascasarojo\"]}]}<\/script>\n<!-- \/ Yoast SEO plugin. -->","yoast_head_json":{"title":"Enemigo M\u00edo - Casa Rojo Bodega y Vi\u00f1edos - Web Oficial","robots":{"index":"noindex","follow":"follow"},"og_locale":"en_GB","og_type":"article","og_title":"Enemigo M\u00edo - Casa Rojo Bodega y Vi\u00f1edos - Web Oficial","og_description":"La tensi\u00f3n perfecta entre fuerza y elegancia. Un reflejo de la naturaleza que rodea la bodega del Paraje de La Raja.","og_url":"https:\/\/www.casarojo.com\/en\/product\/enemigo-mio\/","og_site_name":"Casa Rojo Bodega y Vi\u00f1edos - Web Oficial","article_publisher":"https:\/\/www.facebook.com\/casarojoenoturismo\/","article_modified_time":"2026-04-04T22:12:39+00:00","og_image":[{"width":582,"height":1302,"url":"https:\/\/www.casarojo.com\/wp-content\/uploads\/2026\/01\/Botella_EnemigoMio_web.png","type":"image\/png"}],"twitter_card":"summary_large_image","twitter_misc":{"Estimated reading time":"1 minute"},"schema":{"@context":"https:\/\/schema.org","@graph":[{"@type":"WebPage","@id":"https:\/\/www.casarojo.com\/producto\/enemigo-mio\/","url":"https:\/\/www.casarojo.com\/producto\/enemigo-mio\/","name":"Enemigo M\u00edo - Casa Rojo Bodega y Vi\u00f1edos - Web Oficial","isPartOf":{"@id":"https:\/\/www.casarojo.com\/#website"},"primaryImageOfPage":{"@id":"https:\/\/www.casarojo.com\/producto\/enemigo-mio\/#primaryimage"},"image":{"@id":"https:\/\/www.casarojo.com\/producto\/enemigo-mio\/#primaryimage"},"thumbnailUrl":"https:\/\/www.casarojo.com\/wp-content\/uploads\/2026\/01\/Botella_EnemigoMio_web.png","datePublished":"2026-01-14T16:29:06+00:00","dateModified":"2026-04-04T22:12:39+00:00","breadcrumb":{"@id":"https:\/\/www.casarojo.com\/producto\/enemigo-mio\/#breadcrumb"},"inLanguage":"en-GB","potentialAction":[{"@type":"ReadAction","target":["https:\/\/www.casarojo.com\/producto\/enemigo-mio\/"]}]},{"@type":"ImageObject","inLanguage":"en-GB","@id":"https:\/\/www.casarojo.com\/producto\/enemigo-mio\/#primaryimage","url":"https:\/\/www.casarojo.com\/wp-content\/uploads\/2026\/01\/Botella_EnemigoMio_web.png","contentUrl":"https:\/\/www.casarojo.com\/wp-content\/uploads\/2026\/01\/Botella_EnemigoMio_web.png","width":582,"height":1302},{"@type":"BreadcrumbList","@id":"https:\/\/www.casarojo.com\/producto\/enemigo-mio\/#breadcrumb","itemListElement":[{"@type":"ListItem","position":1,"name":"Portada","item":"https:\/\/www.casarojo.com\/"},{"@type":"ListItem","position":2,"name":"Productos","item":"https:\/\/www.casarojo.com\/tienda\/"},{"@type":"ListItem","position":3,"name":"Enemigo M\u00edo"}]},{"@type":"WebSite","@id":"https:\/\/www.casarojo.com\/#website","url":"https:\/\/www.casarojo.com\/","name":"Casa Rojo Bodega y Vi\u00f1edos - Web Oficial","description":"Casa Rojo Bodega y Vi\u00f1edos. Ribera del Duero - Tierra de Murcia. Mucho que contar.","publisher":{"@id":"https:\/\/www.casarojo.com\/#organization"},"alternateName":"Casa Rojo","potentialAction":[{"@type":"SearchAction","target":{"@type":"EntryPoint","urlTemplate":"https:\/\/www.casarojo.com\/?s={search_term_string}"},"query-input":{"@type":"PropertyValueSpecification","valueRequired":true,"valueName":"search_term_string"}}],"inLanguage":"en-GB"},{"@type":"Organization","@id":"https:\/\/www.casarojo.com\/#organization","name":"Casa Rojo Bodega y Vi\u00f1edos - Web Oficial","url":"https:\/\/www.casarojo.com\/","logo":{"@type":"ImageObject","inLanguage":"en-GB","@id":"https:\/\/www.casarojo.com\/#\/schema\/logo\/image\/","url":"https:\/\/www.casarojo.com\/wp-content\/uploads\/2026\/01\/favicon.jpg","contentUrl":"https:\/\/www.casarojo.com\/wp-content\/uploads\/2026\/01\/favicon.jpg","width":150,"height":150,"caption":"Casa Rojo Bodega y Vi\u00f1edos - Web Oficial"},"image":{"@id":"https:\/\/www.casarojo.com\/#\/schema\/logo\/image\/"},"sameAs":["https:\/\/www.facebook.com\/casarojoenoturismo\/","https:\/\/www.instagram.com\/bodegascasarojo\/","https:\/\/www.youtube.com\/@casarojo2952\/","https:\/\/www.linkedin.com\/company\/exporto-mediterranean-wines---emw-spain\/","https:\/\/www.tiktok.com\/@bodegascasarojo"]}]}},"_links":{"self":[{"href":"https:\/\/www.casarojo.com\/en\/wp-json\/wp\/v2\/product\/117","targetHints":{"allow":["GET"]}}],"collection":[{"href":"https:\/\/www.casarojo.com\/en\/wp-json\/wp\/v2\/product"}],"about":[{"href":"https:\/\/www.casarojo.com\/en\/wp-json\/wp\/v2\/types\/product"}],"replies":[{"embeddable":true,"href":"https:\/\/www.casarojo.com\/en\/wp-json\/wp\/v2\/comments?post=117"}],"wp:featuredmedia":[{"embeddable":true,"href":"https:\/\/www.casarojo.com\/en\/wp-json\/wp\/v2\/media\/385"}],"wp:attachment":[{"href":"https:\/\/www.casarojo.com\/en\/wp-json\/wp\/v2\/media?parent=117"}],"wp:term":[{"taxonomy":"product_brand","embeddable":true,"href":"https:\/\/www.casarojo.com\/en\/wp-json\/wp\/v2\/product_brand?post=117"},{"taxonomy":"product_cat","embeddable":true,"href":"https:\/\/www.casarojo.com\/en\/wp-json\/wp\/v2\/product_cat?post=117"},{"taxonomy":"product_tag","embeddable":true,"href":"https:\/\/www.casarojo.com\/en\/wp-json\/wp\/v2\/product_tag?post=117"}],"curies":[{"name":"wp","href":"https:\/\/api.w.org\/{rel}","templated":true}]}}