{"id":481,"date":"2026-01-27T05:41:07","date_gmt":"2026-01-27T04:41:07","guid":{"rendered":"https:\/\/mdecomunicacion.com\/casarojo\/?page_id=481"},"modified":"2026-04-20T21:34:01","modified_gmt":"2026-04-20T20:34:01","slug":"visitas","status":"publish","type":"page","link":"https:\/\/www.casarojo.com\/en\/visitas\/","title":{"rendered":"Visits"},"content":{"rendered":"<div data-elementor-type=\"wp-page\" data-elementor-id=\"481\" class=\"elementor elementor-481\" data-elementor-post-type=\"page\">\n\t\t\t\t<div class=\"elementor-element elementor-element-08b0812 e-con-full e-flex e-con e-parent\" data-id=\"08b0812\" data-element_type=\"container\" data-e-type=\"container\" data-settings=\"{&quot;background_background&quot;:&quot;classic&quot;,&quot;shape_divider_bottom&quot;:&quot;opacity-tilt&quot;}\">\n\t\t\t\t<div class=\"elementor-shape elementor-shape-bottom\" aria-hidden=\"true\" data-negative=\"false\">\n\t\t\t<svg xmlns=\"http:\/\/www.w3.org\/2000\/svg\" viewbox=\"0 0 2600 131.1\" preserveaspectratio=\"none\">\n\t<path class=\"elementor-shape-fill\" d=\"M0 0L2600 0 2600 69.1 0 0z\"\/>\n\t<path class=\"elementor-shape-fill\" style=\"opacity:0.5\" d=\"M0 0L2600 0 2600 69.1 0 69.1z\"\/>\n\t<path class=\"elementor-shape-fill\" style=\"opacity:0.25\" d=\"M2600 0L0 0 0 130.1 2600 69.1z\"\/>\n<\/svg>\t\t<\/div>\n\t\t\t\t<div class=\"elementor-element elementor-element-3a2f646 elementor-widget elementor-widget-spacer\" data-id=\"3a2f646\" data-element_type=\"widget\" data-e-type=\"widget\" data-widget_type=\"spacer.default\">\n\t\t\t\t\t\t\t<div class=\"elementor-spacer\">\n\t\t\t<div class=\"elementor-spacer-inner\"><\/div>\n\t\t<\/div>\n\t\t\t\t\t\t<\/div>\n\t\t\t\t<div class=\"elementor-element elementor-element-e0fe0b8 elementor-widget elementor-widget-heading\" data-id=\"e0fe0b8\" data-element_type=\"widget\" data-e-type=\"widget\" data-widget_type=\"heading.default\">\n\t\t\t\t\t<h2 class=\"elementor-heading-title elementor-size-default\">Visit us<\/h2>\t\t\t\t<\/div>\n\t\t\t\t<\/div>\n\t\t<div class=\"elementor-element elementor-element-59f94a1 e-flex e-con-boxed e-con e-parent\" data-id=\"59f94a1\" data-element_type=\"container\" data-e-type=\"container\">\n\t\t\t\t\t<div class=\"e-con-inner\">\n\t\t\t\t<div class=\"elementor-element elementor-element-08dd399 elementor-widget elementor-widget-spacer\" data-id=\"08dd399\" data-element_type=\"widget\" data-e-type=\"widget\" data-widget_type=\"spacer.default\">\n\t\t\t\t\t\t\t<div class=\"elementor-spacer\">\n\t\t\t<div class=\"elementor-spacer-inner\"><\/div>\n\t\t<\/div>\n\t\t\t\t\t\t<\/div>\n\t\t\t\t\t<\/div>\n\t\t\t\t<\/div>\n\t\t<div class=\"elementor-element elementor-element-cd51894 e-flex e-con-boxed e-con e-parent\" data-id=\"cd51894\" data-element_type=\"container\" data-e-type=\"container\">\n\t\t\t\t\t<div class=\"e-con-inner\">\n\t\t\t\t<div class=\"elementor-element elementor-element-708f78a elementor-widget elementor-widget-heading\" data-id=\"708f78a\" data-element_type=\"widget\" data-e-type=\"widget\" data-widget_type=\"heading.default\">\n\t\t\t\t\t<h2 class=\"elementor-heading-title elementor-size-default\">Discover our experiences<\/h2>\t\t\t\t<\/div>\n\t\t\t\t<div class=\"elementor-element elementor-element-8a3b511 elementor-hidden-mobile elementor-widget elementor-widget-spacer\" data-id=\"8a3b511\" data-element_type=\"widget\" data-e-type=\"widget\" data-widget_type=\"spacer.default\">\n\t\t\t\t\t\t\t<div class=\"elementor-spacer\">\n\t\t\t<div class=\"elementor-spacer-inner\"><\/div>\n\t\t<\/div>\n\t\t\t\t\t\t<\/div>\n\t\t\t\t\t<\/div>\n\t\t\t\t<\/div>\n\t\t<div class=\"elementor-element elementor-element-f9f36f2 e-con-full e-flex e-con e-parent\" data-id=\"f9f36f2\" data-element_type=\"container\" data-e-type=\"container\">\n\t\t<div class=\"elementor-element elementor-element-5ca6b6b e-con-full e-flex e-con e-child\" data-id=\"5ca6b6b\" data-element_type=\"container\" data-e-type=\"container\" data-settings=\"{&quot;background_background&quot;:&quot;classic&quot;}\">\n\t\t\t\t<\/div>\n\t\t<div class=\"elementor-element elementor-element-48f4caf0 e-con-full e-flex e-con e-child\" data-id=\"48f4caf0\" data-element_type=\"container\" data-e-type=\"container\">\n\t\t\t\t<div class=\"elementor-element elementor-element-18862506 elementor-widget__width-initial elementor-widget elementor-widget-heading\" data-id=\"18862506\" data-element_type=\"widget\" data-e-type=\"widget\" data-widget_type=\"heading.default\">\n\t\t\t\t\t<h1 class=\"elementor-heading-title elementor-size-default\">Casa Rojo Murcia<\/h1>\t\t\t\t<\/div>\n\t\t\t\t<\/div>\n\t\t\t\t<\/div>\n\t\t<div class=\"elementor-element elementor-element-78924a3a e-con-full e-flex e-con e-parent\" data-id=\"78924a3a\" data-element_type=\"container\" data-e-type=\"container\">\n\t\t<div class=\"elementor-element elementor-element-49e0131f e-con-full e-flex e-con e-child\" data-id=\"49e0131f\" data-element_type=\"container\" data-e-type=\"container\">\n\t\t\t\t<div class=\"elementor-element elementor-element-a4608ce elementor-widget__width-initial elementor-widget elementor-widget-heading\" data-id=\"a4608ce\" data-element_type=\"widget\" data-e-type=\"widget\" data-widget_type=\"heading.default\">\n\t\t\t\t\t<h1 class=\"elementor-heading-title elementor-size-default\">SHORT Experience - \u20ac50<\/h1>\t\t\t\t<\/div>\n\t\t\t\t<div class=\"elementor-element elementor-element-a51abbe elementor-widget elementor-widget-text-editor\" data-id=\"a51abbe\" data-element_type=\"widget\" data-e-type=\"widget\" data-widget_type=\"text-editor.default\">\n\t\t\t\t\t\t\t\t\t<p>General visit to the winery.<\/p><p>Wine pairing tasting of 3 wines with assorted appetizers.<\/p><p>Duration: 2 hours.<\/p><p>Monday to Saturday from 11:00 AM to 1:00 PM.<\/p><p>Prior reservation essential. More info at: +34 653 76 71 66.<\/p>\t\t\t\t\t\t\t\t<\/div>\n\t\t\t\t<\/div>\n\t\t<div class=\"elementor-element elementor-element-277da26f e-con-full e-flex e-con e-child\" data-id=\"277da26f\" data-element_type=\"container\" data-e-type=\"container\" data-settings=\"{&quot;background_background&quot;:&quot;classic&quot;}\">\n\t\t\t\t<\/div>\n\t\t\t\t<\/div>\n\t\t<div class=\"elementor-element elementor-element-a766e43 e-con-full e-flex e-con e-parent\" data-id=\"a766e43\" data-element_type=\"container\" data-e-type=\"container\">\n\t\t<div class=\"elementor-element elementor-element-890c397 e-con-full e-flex e-con e-child\" data-id=\"890c397\" data-element_type=\"container\" data-e-type=\"container\" data-settings=\"{&quot;background_background&quot;:&quot;classic&quot;}\">\n\t\t\t\t<div class=\"elementor-element elementor-element-2b39fd6 elementor-widget elementor-widget-image\" data-id=\"2b39fd6\" data-element_type=\"widget\" data-e-type=\"widget\" data-widget_type=\"image.default\">\n\t\t\t\t\t\t\t\t\t\t\t\t\t\t\t<img fetchpriority=\"high\" decoding=\"async\" width=\"640\" height=\"960\" src=\"https:\/\/www.casarojo.com\/wp-content\/uploads\/2026\/01\/DSC5930.jpg\" class=\"attachment-full size-full wp-image-493\" alt=\"\" srcset=\"https:\/\/www.casarojo.com\/wp-content\/uploads\/2026\/01\/DSC5930.jpg 640w, https:\/\/www.casarojo.com\/wp-content\/uploads\/2026\/01\/DSC5930-200x300.jpg 200w, https:\/\/www.casarojo.com\/wp-content\/uploads\/2026\/01\/DSC5930-8x12.jpg 8w, https:\/\/www.casarojo.com\/wp-content\/uploads\/2026\/01\/DSC5930-600x900.jpg 600w\" sizes=\"(max-width: 640px) 100vw, 640px\" \/>\t\t\t\t\t\t\t\t\t\t\t\t\t\t\t<\/div>\n\t\t\t\t<\/div>\n\t\t<div class=\"elementor-element elementor-element-704fb17 e-con-full e-flex e-con e-child\" data-id=\"704fb17\" data-element_type=\"container\" data-e-type=\"container\">\n\t\t\t\t<div class=\"elementor-element elementor-element-bbf172d elementor-widget__width-initial elementor-widget elementor-widget-heading\" data-id=\"bbf172d\" data-element_type=\"widget\" data-e-type=\"widget\" data-widget_type=\"heading.default\">\n\t\t\t\t\t<h1 class=\"elementor-heading-title elementor-size-default\">LONG Experience - \u20ac100<\/h1>\t\t\t\t<\/div>\n\t\t<div class=\"elementor-element elementor-element-95138a1 e-con-full e-flex e-con e-child\" data-id=\"95138a1\" data-element_type=\"container\" data-e-type=\"container\">\n\t\t\t\t<div class=\"elementor-element elementor-element-8c76f26 elementor-widget elementor-widget-text-editor\" data-id=\"8c76f26\" data-element_type=\"widget\" data-e-type=\"widget\" data-widget_type=\"text-editor.default\">\n\t\t\t\t\t\t\t\t\t<p>Reception with a glass of brut nature sparkling wine. <strong><span class=\"fuente\">(Tokyo G\u00f3mez-Rojo)<\/span>.<\/strong><\/p><p>Visit and explanation of the vineyard, production winery, barrel room, bottling and shipping area, and tasting room.<\/p><p>Tasting of the winery's 4 single-vineyard wines: Minami, guided by our sommelier.<\/p><p>Tasting of traditional Murcian rice prepared by chef Mari Carmen Lorente.<\/p><p>Presentation of a Casa Rojo branded gift.<\/p><p>Duration: 4 hours.<\/p><p>Monday and Friday from 11:00 AM to 3:00 PM.<\/p><p>Prior reservation essential. More info at: +34 653 76 71 66.<\/p>\t\t\t\t\t\t\t\t<\/div>\n\t\t\t\t<\/div>\n\t\t\t\t<\/div>\n\t\t\t\t<\/div>\n\t\t<div class=\"elementor-element elementor-element-4fe95c9 e-flex e-con-boxed e-con e-parent\" data-id=\"4fe95c9\" data-element_type=\"container\" data-e-type=\"container\" data-settings=\"{&quot;background_background&quot;:&quot;classic&quot;}\">\n\t\t\t\t\t<div class=\"e-con-inner\">\n\t\t\t\t\t<\/div>\n\t\t\t\t<\/div>\n\t\t<div class=\"elementor-element elementor-element-4ad5564 e-con-full e-flex e-con e-parent\" data-id=\"4ad5564\" data-element_type=\"container\" data-e-type=\"container\">\n\t\t<div class=\"elementor-element elementor-element-49a2f87 e-con-full e-flex e-con e-child\" data-id=\"49a2f87\" data-element_type=\"container\" data-e-type=\"container\">\n\t\t\t\t<div class=\"elementor-element elementor-element-04d402f elementor-widget__width-initial elementor-widget elementor-widget-heading\" data-id=\"04d402f\" data-element_type=\"widget\" data-e-type=\"widget\" data-widget_type=\"heading.default\">\n\t\t\t\t\t<h1 class=\"elementor-heading-title elementor-size-default\">Casa Rojo <br>Ribera del Duero<\/h1>\t\t\t\t<\/div>\n\t\t\t\t<\/div>\n\t\t<div class=\"elementor-element elementor-element-5af0c94 e-con-full e-flex e-con e-child\" data-id=\"5af0c94\" data-element_type=\"container\" data-e-type=\"container\" data-settings=\"{&quot;background_background&quot;:&quot;classic&quot;}\">\n\t\t\t\t<\/div>\n\t\t\t\t<\/div>\n\t\t<div class=\"elementor-element elementor-element-67879d9 e-con-full e-flex e-con e-parent\" data-id=\"67879d9\" data-element_type=\"container\" data-e-type=\"container\">\n\t\t<div class=\"elementor-element elementor-element-3c4c852 e-con-full e-flex e-con e-child\" data-id=\"3c4c852\" data-element_type=\"container\" data-e-type=\"container\" data-settings=\"{&quot;background_background&quot;:&quot;classic&quot;}\">\n\t\t\t\t<\/div>\n\t\t<div class=\"elementor-element elementor-element-4b863e1 e-con-full e-flex e-con e-child\" data-id=\"4b863e1\" data-element_type=\"container\" data-e-type=\"container\">\n\t\t\t\t<div class=\"elementor-element elementor-element-3a2322a elementor-widget__width-initial elementor-widget elementor-widget-heading\" data-id=\"3a2322a\" data-element_type=\"widget\" data-e-type=\"widget\" data-widget_type=\"heading.default\">\n\t\t\t\t\t<h1 class=\"elementor-heading-title elementor-size-default\">SHORT Experience - \u20ac50<\/h1>\t\t\t\t<\/div>\n\t\t\t\t<div class=\"elementor-element elementor-element-ddea03e elementor-widget elementor-widget-text-editor\" data-id=\"ddea03e\" data-element_type=\"widget\" data-e-type=\"widget\" data-widget_type=\"text-editor.default\">\n\t\t\t\t\t\t\t\t\t<p>General visit to the winery.<\/p><p>Wine pairing tasting of 3 wines with assorted appetizers.<\/p><p>Duration: 2 hours.<\/p><p>Reservations for the short visit must be made three days in advance via email: <a href=\"mailto:enoturismo@casarojo.com\">enoturismo@casarojo.com<\/a> indicating the date and the number of people.<\/p>\t\t\t\t\t\t\t\t<\/div>\n\t\t\t\t<\/div>\n\t\t\t\t<\/div>\n\t\t<div class=\"elementor-element elementor-element-3dd72a87 e-con-full e-flex e-con e-parent\" data-id=\"3dd72a87\" data-element_type=\"container\" data-e-type=\"container\">\n\t\t<div class=\"elementor-element elementor-element-5b6de05d e-con-full e-flex e-con e-child\" data-id=\"5b6de05d\" data-element_type=\"container\" data-e-type=\"container\">\n\t\t\t\t<div class=\"elementor-element elementor-element-3f76b867 elementor-widget__width-initial elementor-widget elementor-widget-heading\" data-id=\"3f76b867\" data-element_type=\"widget\" data-e-type=\"widget\" data-widget_type=\"heading.default\">\n\t\t\t\t\t<h1 class=\"elementor-heading-title elementor-size-default\">LONG Experience - \u20ac100<\/h1>\t\t\t\t<\/div>\n\t\t<div class=\"elementor-element elementor-element-c71a141 e-con-full e-flex e-con e-child\" data-id=\"c71a141\" data-element_type=\"container\" data-e-type=\"container\">\n\t\t\t\t<div class=\"elementor-element elementor-element-3d7dc3e elementor-widget elementor-widget-text-editor\" data-id=\"3d7dc3e\" data-element_type=\"widget\" data-e-type=\"widget\" data-widget_type=\"text-editor.default\">\n\t\t\t\t\t\t\t\t\t<p>Visit and explanation of the vineyard, production winery, barrel room, bottling and shipping area, and tasting room.<\/p><p>Tasting of 4 of our wines guided by our sommelier Ana Bel\u00e9n Conesa.<\/p><p>Tasting of traditional dishes from the Ribera del Duero region.<\/p><p>Duration: 4 hours.<\/p><p>Reservations for the long visit must be made one week in advance via email: <a href=\"mailto:enoturismo@casarojo.com\">enoturismo@casarojo.com<\/a>\u00a0indicating the date and the number of people.<\/p>\t\t\t\t\t\t\t\t<\/div>\n\t\t\t\t<\/div>\n\t\t\t\t<\/div>\n\t\t<div class=\"elementor-element elementor-element-c288b18 e-con-full e-flex e-con e-child\" data-id=\"c288b18\" data-element_type=\"container\" data-e-type=\"container\" data-settings=\"{&quot;background_background&quot;:&quot;classic&quot;}\">\n\t\t\t\t<div class=\"elementor-element elementor-element-1100c399 elementor-widget elementor-widget-image\" data-id=\"1100c399\" data-element_type=\"widget\" data-e-type=\"widget\" data-widget_type=\"image.default\">\n\t\t\t\t\t\t\t\t\t\t\t\t\t\t\t<img decoding=\"async\" src=\"https:\/\/www.casarojo.com\/wp-content\/uploads\/elementor\/thumbs\/250529-bodega-casa-rojo-curiel-de-duero-valladolid-srta-rottenmeier-21-ria4otikl2fsdahdqk9bcpkirswwhj2dj6d3f6orts.jpg\" title=\"250529-bodega-casa-rojo-curiel-de-duero-valladolid-srta-rottenmeier-21\" alt=\"250529-bodega-casa-rojo-curiel-de-duero-valladolid-srta-rottenmeier-21\" loading=\"lazy\" \/>\t\t\t\t\t\t\t\t\t\t\t\t\t\t\t<\/div>\n\t\t\t\t<\/div>\n\t\t\t\t<\/div>\n\t\t<div class=\"elementor-element elementor-element-1217632 e-flex e-con-boxed e-con e-parent\" data-id=\"1217632\" data-element_type=\"container\" data-e-type=\"container\">\n\t\t\t\t\t<div class=\"e-con-inner\">\n\t\t\t\t<div class=\"elementor-element elementor-element-69ff7ff elementor-widget-mobile__width-inherit elementor-widget elementor-widget-heading\" data-id=\"69ff7ff\" data-element_type=\"widget\" data-e-type=\"widget\" data-widget_type=\"heading.default\">\n\t\t\t\t\t<h2 class=\"elementor-heading-title elementor-size-default\"> Prior reservation essential. More info at: +34 653 76 71 66.<br><br>\nThe visit will be confirmed only once payment has been made.<\/h2>\t\t\t\t<\/div>\n\t\t\t\t\t<\/div>\n\t\t\t\t<\/div>\n\t\t\t\t<\/div>","protected":false},"excerpt":{"rendered":"<p>Vis\u00edtanos Conoce nuestras experiencias Casa Rojo Murcia Experiencia CORTA &#8211; 50\u20ac Visita general a la bodega. Cata maridaje de 3 vinos con aperitivos variados. Duraci\u00f3n: 2 horas. Lunes a S\u00e1bado de 11:00h a 13:00h. Imprescindible reserva previa. M\u00e1s info en: +34 653 76 71 66. Experiencia larga &#8211; 100\u20ac Recepci\u00f3n con copa de espumoso brut [&hellip;]<\/p>\n","protected":false},"author":1,"featured_media":0,"parent":0,"menu_order":0,"comment_status":"closed","ping_status":"closed","template":"","meta":{"_acf_changed":false,"footnotes":""},"class_list":["post-481","page","type-page","status-publish","hentry"],"acf":[],"yoast_head":"<!-- This site is optimized with the Yoast SEO plugin v27.4 - https:\/\/yoast.com\/product\/yoast-seo-wordpress\/ -->\n<title>Visitas - Casa Rojo Bodega y Vi\u00f1edos - Web Oficial<\/title>\n<meta name=\"robots\" content=\"index, follow, max-snippet:-1, max-image-preview:large, max-video-preview:-1\" \/>\n<link rel=\"canonical\" href=\"https:\/\/www.casarojo.com\/en\/visitas\/\" \/>\n<meta property=\"og:locale\" content=\"en_GB\" \/>\n<meta property=\"og:type\" content=\"article\" \/>\n<meta property=\"og:title\" content=\"Visitas - Casa Rojo Bodega y Vi\u00f1edos - Web Oficial\" \/>\n<meta property=\"og:description\" content=\"Vis\u00edtanos Conoce nuestras experiencias Casa Rojo Murcia Experiencia CORTA &#8211; 50\u20ac Visita general a la bodega. Cata maridaje de 3 vinos con aperitivos variados. Duraci\u00f3n: 2 horas. Lunes a S\u00e1bado de 11:00h a 13:00h. Imprescindible reserva previa. M\u00e1s info en: +34 653 76 71 66. Experiencia larga &#8211; 100\u20ac Recepci\u00f3n con copa de espumoso brut [&hellip;]\" \/>\n<meta property=\"og:url\" content=\"https:\/\/www.casarojo.com\/en\/visitas\/\" \/>\n<meta property=\"og:site_name\" content=\"Casa Rojo Bodega y Vi\u00f1edos - Web Oficial\" \/>\n<meta property=\"article:publisher\" content=\"https:\/\/www.facebook.com\/casarojoenoturismo\/\" \/>\n<meta property=\"article:modified_time\" content=\"2026-04-20T20:34:01+00:00\" \/>\n<meta property=\"og:image\" content=\"https:\/\/www.casarojo.com\/wp-content\/uploads\/2026\/01\/DSC5930.jpg\" \/>\n\t<meta property=\"og:image:width\" content=\"640\" \/>\n\t<meta property=\"og:image:height\" content=\"960\" \/>\n\t<meta property=\"og:image:type\" content=\"image\/jpeg\" \/>\n<meta name=\"twitter:card\" content=\"summary_large_image\" \/>\n<meta name=\"twitter:label1\" content=\"Estimated reading time\" \/>\n\t<meta name=\"twitter:data1\" content=\"2 minutes\" \/>\n<script type=\"application\/ld+json\" class=\"yoast-schema-graph\">{\"@context\":\"https:\\\/\\\/schema.org\",\"@graph\":[{\"@type\":\"WebPage\",\"@id\":\"https:\\\/\\\/www.casarojo.com\\\/visitas\\\/\",\"url\":\"https:\\\/\\\/www.casarojo.com\\\/visitas\\\/\",\"name\":\"Visitas - Casa Rojo Bodega y Vi\u00f1edos - Web Oficial\",\"isPartOf\":{\"@id\":\"https:\\\/\\\/www.casarojo.com\\\/#website\"},\"primaryImageOfPage\":{\"@id\":\"https:\\\/\\\/www.casarojo.com\\\/visitas\\\/#primaryimage\"},\"image\":{\"@id\":\"https:\\\/\\\/www.casarojo.com\\\/visitas\\\/#primaryimage\"},\"thumbnailUrl\":\"https:\\\/\\\/www.casarojo.com\\\/wp-content\\\/uploads\\\/2026\\\/01\\\/DSC5930.jpg\",\"datePublished\":\"2026-01-27T04:41:07+00:00\",\"dateModified\":\"2026-04-20T20:34:01+00:00\",\"breadcrumb\":{\"@id\":\"https:\\\/\\\/www.casarojo.com\\\/visitas\\\/#breadcrumb\"},\"inLanguage\":\"en-GB\",\"potentialAction\":[{\"@type\":\"ReadAction\",\"target\":[\"https:\\\/\\\/www.casarojo.com\\\/visitas\\\/\"]}]},{\"@type\":\"ImageObject\",\"inLanguage\":\"en-GB\",\"@id\":\"https:\\\/\\\/www.casarojo.com\\\/visitas\\\/#primaryimage\",\"url\":\"https:\\\/\\\/www.casarojo.com\\\/wp-content\\\/uploads\\\/2026\\\/01\\\/DSC5930.jpg\",\"contentUrl\":\"https:\\\/\\\/www.casarojo.com\\\/wp-content\\\/uploads\\\/2026\\\/01\\\/DSC5930.jpg\"},{\"@type\":\"BreadcrumbList\",\"@id\":\"https:\\\/\\\/www.casarojo.com\\\/visitas\\\/#breadcrumb\",\"itemListElement\":[{\"@type\":\"ListItem\",\"position\":1,\"name\":\"Portada\",\"item\":\"https:\\\/\\\/www.casarojo.com\\\/en\\\/\"},{\"@type\":\"ListItem\",\"position\":2,\"name\":\"Visitas\"}]},{\"@type\":\"WebSite\",\"@id\":\"https:\\\/\\\/www.casarojo.com\\\/#website\",\"url\":\"https:\\\/\\\/www.casarojo.com\\\/\",\"name\":\"Casa Rojo Bodega y Vi\u00f1edos - Web Oficial\",\"description\":\"Casa Rojo Bodega y Vi\u00f1edos. Ribera del Duero - Tierra de Murcia. Mucho que contar.\",\"publisher\":{\"@id\":\"https:\\\/\\\/www.casarojo.com\\\/#organization\"},\"alternateName\":\"Casa Rojo\",\"potentialAction\":[{\"@type\":\"SearchAction\",\"target\":{\"@type\":\"EntryPoint\",\"urlTemplate\":\"https:\\\/\\\/www.casarojo.com\\\/?s={search_term_string}\"},\"query-input\":{\"@type\":\"PropertyValueSpecification\",\"valueRequired\":true,\"valueName\":\"search_term_string\"}}],\"inLanguage\":\"en-GB\"},{\"@type\":\"Organization\",\"@id\":\"https:\\\/\\\/www.casarojo.com\\\/#organization\",\"name\":\"Casa Rojo Bodega y Vi\u00f1edos - Web Oficial\",\"url\":\"https:\\\/\\\/www.casarojo.com\\\/\",\"logo\":{\"@type\":\"ImageObject\",\"inLanguage\":\"en-GB\",\"@id\":\"https:\\\/\\\/www.casarojo.com\\\/#\\\/schema\\\/logo\\\/image\\\/\",\"url\":\"https:\\\/\\\/www.casarojo.com\\\/wp-content\\\/uploads\\\/2026\\\/01\\\/favicon.jpg\",\"contentUrl\":\"https:\\\/\\\/www.casarojo.com\\\/wp-content\\\/uploads\\\/2026\\\/01\\\/favicon.jpg\",\"width\":150,\"height\":150,\"caption\":\"Casa Rojo Bodega y Vi\u00f1edos - Web Oficial\"},\"image\":{\"@id\":\"https:\\\/\\\/www.casarojo.com\\\/#\\\/schema\\\/logo\\\/image\\\/\"},\"sameAs\":[\"https:\\\/\\\/www.facebook.com\\\/casarojoenoturismo\\\/\",\"https:\\\/\\\/www.instagram.com\\\/bodegascasarojo\\\/\",\"https:\\\/\\\/www.youtube.com\\\/@casarojo2952\\\/\",\"https:\\\/\\\/www.linkedin.com\\\/company\\\/exporto-mediterranean-wines---emw-spain\\\/\",\"https:\\\/\\\/www.tiktok.com\\\/@bodegascasarojo\"]}]}<\/script>\n<!-- \/ Yoast SEO plugin. -->","yoast_head_json":{"title":"Visitas - Casa Rojo Bodega y Vi\u00f1edos - Web Oficial","robots":{"index":"index","follow":"follow","max-snippet":"max-snippet:-1","max-image-preview":"max-image-preview:large","max-video-preview":"max-video-preview:-1"},"canonical":"https:\/\/www.casarojo.com\/en\/visitas\/","og_locale":"en_GB","og_type":"article","og_title":"Visitas - Casa Rojo Bodega y Vi\u00f1edos - Web Oficial","og_description":"Vis\u00edtanos Conoce nuestras experiencias Casa Rojo Murcia Experiencia CORTA &#8211; 50\u20ac Visita general a la bodega. Cata maridaje de 3 vinos con aperitivos variados. Duraci\u00f3n: 2 horas. Lunes a S\u00e1bado de 11:00h a 13:00h. Imprescindible reserva previa. M\u00e1s info en: +34 653 76 71 66. Experiencia larga &#8211; 100\u20ac Recepci\u00f3n con copa de espumoso brut [&hellip;]","og_url":"https:\/\/www.casarojo.com\/en\/visitas\/","og_site_name":"Casa Rojo Bodega y Vi\u00f1edos - Web Oficial","article_publisher":"https:\/\/www.facebook.com\/casarojoenoturismo\/","article_modified_time":"2026-04-20T20:34:01+00:00","og_image":[{"width":640,"height":960,"url":"https:\/\/www.casarojo.com\/wp-content\/uploads\/2026\/01\/DSC5930.jpg","type":"image\/jpeg"}],"twitter_card":"summary_large_image","twitter_misc":{"Estimated reading time":"2 minutes"},"schema":{"@context":"https:\/\/schema.org","@graph":[{"@type":"WebPage","@id":"https:\/\/www.casarojo.com\/visitas\/","url":"https:\/\/www.casarojo.com\/visitas\/","name":"Visitas - Casa Rojo Bodega y Vi\u00f1edos - Web Oficial","isPartOf":{"@id":"https:\/\/www.casarojo.com\/#website"},"primaryImageOfPage":{"@id":"https:\/\/www.casarojo.com\/visitas\/#primaryimage"},"image":{"@id":"https:\/\/www.casarojo.com\/visitas\/#primaryimage"},"thumbnailUrl":"https:\/\/www.casarojo.com\/wp-content\/uploads\/2026\/01\/DSC5930.jpg","datePublished":"2026-01-27T04:41:07+00:00","dateModified":"2026-04-20T20:34:01+00:00","breadcrumb":{"@id":"https:\/\/www.casarojo.com\/visitas\/#breadcrumb"},"inLanguage":"en-GB","potentialAction":[{"@type":"ReadAction","target":["https:\/\/www.casarojo.com\/visitas\/"]}]},{"@type":"ImageObject","inLanguage":"en-GB","@id":"https:\/\/www.casarojo.com\/visitas\/#primaryimage","url":"https:\/\/www.casarojo.com\/wp-content\/uploads\/2026\/01\/DSC5930.jpg","contentUrl":"https:\/\/www.casarojo.com\/wp-content\/uploads\/2026\/01\/DSC5930.jpg"},{"@type":"BreadcrumbList","@id":"https:\/\/www.casarojo.com\/visitas\/#breadcrumb","itemListElement":[{"@type":"ListItem","position":1,"name":"Portada","item":"https:\/\/www.casarojo.com\/en\/"},{"@type":"ListItem","position":2,"name":"Visitas"}]},{"@type":"WebSite","@id":"https:\/\/www.casarojo.com\/#website","url":"https:\/\/www.casarojo.com\/","name":"Casa Rojo Bodega y Vi\u00f1edos - Web Oficial","description":"Casa Rojo Bodega y Vi\u00f1edos. Ribera del Duero - Tierra de Murcia. Mucho que contar.","publisher":{"@id":"https:\/\/www.casarojo.com\/#organization"},"alternateName":"Casa Rojo","potentialAction":[{"@type":"SearchAction","target":{"@type":"EntryPoint","urlTemplate":"https:\/\/www.casarojo.com\/?s={search_term_string}"},"query-input":{"@type":"PropertyValueSpecification","valueRequired":true,"valueName":"search_term_string"}}],"inLanguage":"en-GB"},{"@type":"Organization","@id":"https:\/\/www.casarojo.com\/#organization","name":"Casa Rojo Bodega y Vi\u00f1edos - Web Oficial","url":"https:\/\/www.casarojo.com\/","logo":{"@type":"ImageObject","inLanguage":"en-GB","@id":"https:\/\/www.casarojo.com\/#\/schema\/logo\/image\/","url":"https:\/\/www.casarojo.com\/wp-content\/uploads\/2026\/01\/favicon.jpg","contentUrl":"https:\/\/www.casarojo.com\/wp-content\/uploads\/2026\/01\/favicon.jpg","width":150,"height":150,"caption":"Casa Rojo Bodega y Vi\u00f1edos - Web Oficial"},"image":{"@id":"https:\/\/www.casarojo.com\/#\/schema\/logo\/image\/"},"sameAs":["https:\/\/www.facebook.com\/casarojoenoturismo\/","https:\/\/www.instagram.com\/bodegascasarojo\/","https:\/\/www.youtube.com\/@casarojo2952\/","https:\/\/www.linkedin.com\/company\/exporto-mediterranean-wines---emw-spain\/","https:\/\/www.tiktok.com\/@bodegascasarojo"]}]}},"ase":null,"_links":{"self":[{"href":"https:\/\/www.casarojo.com\/en\/wp-json\/wp\/v2\/pages\/481","targetHints":{"allow":["GET"]}}],"collection":[{"href":"https:\/\/www.casarojo.com\/en\/wp-json\/wp\/v2\/pages"}],"about":[{"href":"https:\/\/www.casarojo.com\/en\/wp-json\/wp\/v2\/types\/page"}],"author":[{"embeddable":true,"href":"https:\/\/www.casarojo.com\/en\/wp-json\/wp\/v2\/users\/1"}],"replies":[{"embeddable":true,"href":"https:\/\/www.casarojo.com\/en\/wp-json\/wp\/v2\/comments?post=481"}],"version-history":[{"count":6,"href":"https:\/\/www.casarojo.com\/en\/wp-json\/wp\/v2\/pages\/481\/revisions"}],"predecessor-version":[{"id":35663,"href":"https:\/\/www.casarojo.com\/en\/wp-json\/wp\/v2\/pages\/481\/revisions\/35663"}],"wp:attachment":[{"href":"https:\/\/www.casarojo.com\/en\/wp-json\/wp\/v2\/media?parent=481"}],"curies":[{"name":"wp","href":"https:\/\/api.w.org\/{rel}","templated":true}]}}