{"id":416,"date":"2026-01-26T13:36:36","date_gmt":"2026-01-26T12:36:36","guid":{"rendered":"https:\/\/mdecomunicacion.com\/casarojo\/?page_id=416"},"modified":"2026-02-02T09:12:21","modified_gmt":"2026-02-02T08:12:21","slug":"contacto","status":"publish","type":"page","link":"https:\/\/www.casarojo.com\/en\/contacto\/","title":{"rendered":"CONTACT"},"content":{"rendered":"\t\t<div data-elementor-type=\"wp-page\" data-elementor-id=\"416\" class=\"elementor elementor-416\" data-elementor-post-type=\"page\">\n\t\t\t\t<div class=\"elementor-element elementor-element-94cb261 elementor-hidden-desktop e-flex e-con-boxed e-con e-parent\" data-id=\"94cb261\" data-element_type=\"container\" data-e-type=\"container\">\n\t\t\t\t\t<div class=\"e-con-inner\">\n\t\t\t\t<div class=\"elementor-element elementor-element-dcd9398 elementor-widget elementor-widget-spacer\" data-id=\"dcd9398\" data-element_type=\"widget\" data-e-type=\"widget\" data-widget_type=\"spacer.default\">\n\t\t\t\t\t\t\t<div class=\"elementor-spacer\">\n\t\t\t<div class=\"elementor-spacer-inner\"><\/div>\n\t\t<\/div>\n\t\t\t\t\t\t<\/div>\n\t\t\t\t\t<\/div>\n\t\t\t\t<\/div>\n\t\t<div class=\"elementor-element elementor-element-2a5faa62 e-con-full e-flex e-con e-parent\" data-id=\"2a5faa62\" data-element_type=\"container\" data-e-type=\"container\">\n\t\t<div class=\"elementor-element elementor-element-1d734d63 e-con-full e-flex e-con e-child\" data-id=\"1d734d63\" data-element_type=\"container\" data-e-type=\"container\" data-settings=\"{&quot;background_background&quot;:&quot;classic&quot;}\">\n\t\t\t\t<div class=\"elementor-element elementor-element-6d0f7b7b elementor-widget elementor-widget-image\" data-id=\"6d0f7b7b\" data-element_type=\"widget\" data-e-type=\"widget\" data-widget_type=\"image.default\">\n\t\t\t\t\t\t\t\t\t\t\t\t\t\t\t<img fetchpriority=\"high\" decoding=\"async\" width=\"768\" height=\"1152\" src=\"https:\/\/www.casarojo.com\/wp-content\/uploads\/2025\/12\/DSC8909.jpg\" class=\"attachment-full size-full wp-image-17\" alt=\"\" srcset=\"https:\/\/www.casarojo.com\/wp-content\/uploads\/2025\/12\/DSC8909.jpg 768w, https:\/\/www.casarojo.com\/wp-content\/uploads\/2025\/12\/DSC8909-600x900.jpg 600w, https:\/\/www.casarojo.com\/wp-content\/uploads\/2025\/12\/DSC8909-200x300.jpg 200w, https:\/\/www.casarojo.com\/wp-content\/uploads\/2025\/12\/DSC8909-683x1024.jpg 683w, https:\/\/www.casarojo.com\/wp-content\/uploads\/2025\/12\/DSC8909-8x12.jpg 8w\" sizes=\"(max-width: 768px) 100vw, 768px\" \/>\t\t\t\t\t\t\t\t\t\t\t\t\t\t\t<\/div>\n\t\t\t\t<\/div>\n\t\t<div class=\"elementor-element elementor-element-61c02252 e-con-full e-flex e-con e-child\" data-id=\"61c02252\" data-element_type=\"container\" data-e-type=\"container\">\n\t\t\t\t<div class=\"elementor-element elementor-element-3d7d11df elementor-widget__width-initial elementor-widget elementor-widget-heading\" data-id=\"3d7d11df\" data-element_type=\"widget\" data-e-type=\"widget\" data-widget_type=\"heading.default\">\n\t\t\t\t\t<h1 class=\"elementor-heading-title elementor-size-default\">\u00bfC\u00f3mo <br><b>podemos ayudarte?<\/b><\/h1>\t\t\t\t<\/div>\n\t\t<div class=\"elementor-element elementor-element-5583b474 e-con-full e-flex e-con e-child\" data-id=\"5583b474\" data-element_type=\"container\" data-e-type=\"container\">\n\t\t<div class=\"elementor-element elementor-element-33a03a4e e-con-full e-flex elementor-invisible e-con e-child\" data-id=\"33a03a4e\" data-element_type=\"container\" data-e-type=\"container\" data-settings=\"{&quot;animation&quot;:&quot;fadeInUp&quot;}\">\n\t\t\t\t<div class=\"elementor-element elementor-element-8c3e845 elementor-widget elementor-widget-heading\" data-id=\"8c3e845\" data-element_type=\"widget\" data-e-type=\"widget\" data-widget_type=\"heading.default\">\n\t\t\t\t\t<h3 class=\"elementor-heading-title elementor-size-default\">Tel\u00e9fono<\/h3>\t\t\t\t<\/div>\n\t\t\t\t<div class=\"elementor-element elementor-element-7fb73778 elementor-icon-list--layout-traditional elementor-list-item-link-full_width elementor-widget elementor-widget-icon-list\" data-id=\"7fb73778\" data-element_type=\"widget\" data-e-type=\"widget\" data-widget_type=\"icon-list.default\">\n\t\t\t\t\t\t\t<ul class=\"elementor-icon-list-items\">\n\t\t\t\t\t\t\t<li class=\"elementor-icon-list-item\">\n\t\t\t\t\t\t\t\t\t\t<span class=\"elementor-icon-list-text\">(+34) 968 15 15 20<\/span>\n\t\t\t\t\t\t\t\t\t<\/li>\n\t\t\t\t\t\t<\/ul>\n\t\t\t\t\t\t<\/div>\n\t\t\t\t<\/div>\n\t\t<div class=\"elementor-element elementor-element-77ca1f25 e-con-full e-flex elementor-invisible e-con e-child\" data-id=\"77ca1f25\" data-element_type=\"container\" data-e-type=\"container\" data-settings=\"{&quot;animation&quot;:&quot;fadeInUp&quot;,&quot;animation_delay&quot;:200}\">\n\t\t\t\t<div class=\"elementor-element elementor-element-6b2c265d elementor-widget elementor-widget-heading\" data-id=\"6b2c265d\" data-element_type=\"widget\" data-e-type=\"widget\" data-widget_type=\"heading.default\">\n\t\t\t\t\t<h3 class=\"elementor-heading-title elementor-size-default\">Direcci\u00f3n<\/h3>\t\t\t\t<\/div>\n\t\t\t\t<div class=\"elementor-element elementor-element-4a5a2316 elementor-widget elementor-widget-text-editor\" data-id=\"4a5a2316\" data-element_type=\"widget\" data-e-type=\"widget\" data-widget_type=\"text-editor.default\">\n\t\t\t\t\t\t\t\t\t<a tabindex=\"0\" href=\"https:\/\/www.google.com\/maps\/place\/\/data=!4m2!3m1!1s0xd640b1de2109b2f:0x9f1730f35c8d25b?sa=X&amp;ved=1t:8290&amp;ictx=111\" data-url=\"\/maps\/place\/\/data=!4m2!3m1!1s0xd640b1de2109b2f:0x9f1730f35c8d25b?sa=X&amp;ved=2ahUKEwj8ge63oqmSAxVGUKQEHd4zDgUQ4kB6BAggEAA\">Carretera de La Zarza, s\/n <br>30520 Jumilla, Murcia<\/a>\t\t\t\t\t\t\t\t<\/div>\n\t\t\t\t<\/div>\n\t\t<div class=\"elementor-element elementor-element-46d69778 e-con-full e-flex elementor-invisible e-con e-child\" data-id=\"46d69778\" data-element_type=\"container\" data-e-type=\"container\" data-settings=\"{&quot;animation&quot;:&quot;fadeInUp&quot;,&quot;animation_delay&quot;:400}\">\n\t\t\t\t<div class=\"elementor-element elementor-element-463bdc4 elementor-widget elementor-widget-heading\" data-id=\"463bdc4\" data-element_type=\"widget\" data-e-type=\"widget\" data-widget_type=\"heading.default\">\n\t\t\t\t\t<h3 class=\"elementor-heading-title elementor-size-default\">Email<\/h3>\t\t\t\t<\/div>\n\t\t\t\t<div class=\"elementor-element elementor-element-43e9a71c elementor-mobile-align-center elementor-icon-list--layout-traditional elementor-list-item-link-full_width elementor-widget elementor-widget-icon-list\" data-id=\"43e9a71c\" data-element_type=\"widget\" data-e-type=\"widget\" data-widget_type=\"icon-list.default\">\n\t\t\t\t\t\t\t<ul class=\"elementor-icon-list-items\">\n\t\t\t\t\t\t\t<li class=\"elementor-icon-list-item\">\n\t\t\t\t\t\t\t\t\t\t\t<a href=\"mailto:enoturismo@casarojo.com\">\n\n\t\t\t\t\t\t\t\t\t\t\t<span class=\"elementor-icon-list-text\">enoturismo@casarojo.com (Visitas)<\/span>\n\t\t\t\t\t\t\t\t\t\t\t<\/a>\n\t\t\t\t\t\t\t\t\t<\/li>\n\t\t\t\t\t\t\t\t<li class=\"elementor-icon-list-item\">\n\t\t\t\t\t\t\t\t\t\t\t<a href=\"mailto:info@casarojo.com\">\n\n\t\t\t\t\t\t\t\t\t\t\t<span class=\"elementor-icon-list-text\"> info@casarojo.com<\/span>\n\t\t\t\t\t\t\t\t\t\t\t<\/a>\n\t\t\t\t\t\t\t\t\t<\/li>\n\t\t\t\t\t\t<\/ul>\n\t\t\t\t\t\t<\/div>\n\t\t\t\t<\/div>\n\t\t\t\t<\/div>\n\t\t\t\t<\/div>\n\t\t\t\t<\/div>\n\t\t<div class=\"elementor-element elementor-element-10d86b02 e-con-full e-flex e-con e-parent\" data-id=\"10d86b02\" data-element_type=\"container\" data-e-type=\"container\">\n\t\t<div class=\"elementor-element elementor-element-25d0d236 e-con-full e-flex e-con e-child\" data-id=\"25d0d236\" data-element_type=\"container\" data-e-type=\"container\">\n\t\t\t\t<div class=\"elementor-element elementor-element-63d4f1ce elementor-button-align-end elementor-widget__width-inherit elementor-widget elementor-widget-form\" data-id=\"63d4f1ce\" data-element_type=\"widget\" data-e-type=\"widget\" data-settings=\"{&quot;step_next_label&quot;:&quot;Next&quot;,&quot;step_previous_label&quot;:&quot;Previous&quot;,&quot;button_width&quot;:&quot;100&quot;,&quot;step_type&quot;:&quot;number_text&quot;,&quot;step_icon_shape&quot;:&quot;circle&quot;}\" data-widget_type=\"form.default\">\n\t\t\t\t\t\t\t<form class=\"elementor-form\" method=\"post\" name=\"Contact Form\" aria-label=\"Contact Form\">\n\t\t\t<input type=\"hidden\" name=\"post_id\" value=\"416\"\/>\n\t\t\t<input type=\"hidden\" name=\"form_id\" value=\"63d4f1ce\"\/>\n\t\t\t<input type=\"hidden\" name=\"referer_title\" value=\"CONTACTO - Casa Rojo Bodega y Vi\u00f1edos - Web Oficial\" \/>\n\n\t\t\t\t\t\t\t<input type=\"hidden\" name=\"queried_id\" value=\"416\"\/>\n\t\t\t\n\t\t\t<div class=\"elementor-form-fields-wrapper elementor-labels-above\">\n\t\t\t\t\t\t\t\t<div class=\"elementor-field-type-html elementor-field-group elementor-column elementor-field-group-field_ebaca72 elementor-col-100\">\n\t\t\t\t\tContacta <b>con nosotros<\/b>\t\t\t\t<\/div>\n\t\t\t\t\t\t\t\t<div class=\"elementor-field-type-text elementor-field-group elementor-column elementor-field-group-name elementor-col-50 elementor-field-required\">\n\t\t\t\t\t\t\t\t\t\t\t\t<label for=\"form-field-name\" class=\"elementor-field-label\">\n\t\t\t\t\t\t\t\tNombre completo\t\t\t\t\t\t\t<\/label>\n\t\t\t\t\t\t\t\t\t\t\t\t\t\t<input size=\"1\" type=\"text\" name=\"form_fields[name]\" id=\"form-field-name\" class=\"elementor-field elementor-size-sm  elementor-field-textual\" required=\"required\">\n\t\t\t\t\t\t\t\t\t\t\t<\/div>\n\t\t\t\t\t\t\t\t<div class=\"elementor-field-type-email elementor-field-group elementor-column elementor-field-group-email elementor-col-50 elementor-field-required\">\n\t\t\t\t\t\t\t\t\t\t\t\t<label for=\"form-field-email\" class=\"elementor-field-label\">\n\t\t\t\t\t\t\t\tEMAIL\t\t\t\t\t\t\t<\/label>\n\t\t\t\t\t\t\t\t\t\t\t\t\t\t<input size=\"1\" type=\"email\" name=\"form_fields[email]\" id=\"form-field-email\" class=\"elementor-field elementor-size-sm  elementor-field-textual\" required=\"required\">\n\t\t\t\t\t\t\t\t\t\t\t<\/div>\n\t\t\t\t\t\t\t\t<div class=\"elementor-field-type-textarea elementor-field-group elementor-column elementor-field-group-message elementor-col-100\">\n\t\t\t\t\t\t\t\t\t\t\t\t<label for=\"form-field-message\" class=\"elementor-field-label\">\n\t\t\t\t\t\t\t\tMensaje\t\t\t\t\t\t\t<\/label>\n\t\t\t\t\t\t<textarea class=\"elementor-field-textual elementor-field  elementor-size-sm\" name=\"form_fields[message]\" id=\"form-field-message\" rows=\"4\" placeholder=\"Escr\u00edbenos tus dudas\"><\/textarea>\t\t\t\t<\/div>\n\t\t\t\t\t\t\t\t<div class=\"elementor-field-group elementor-column elementor-field-type-submit elementor-col-100 e-form__buttons\">\n\t\t\t\t\t<button class=\"elementor-button elementor-size-sm\" type=\"submit\">\n\t\t\t\t\t\t<span class=\"elementor-button-content-wrapper\">\n\t\t\t\t\t\t\t\t\t\t\t\t\t\t\t\t\t\t\t\t\t\t<span class=\"elementor-button-text\">ENVIAR<\/span>\n\t\t\t\t\t\t\t\t\t\t\t\t\t<\/span>\n\t\t\t\t\t<\/button>\n\t\t\t\t<\/div>\n\t\t\t<\/div>\n\t\t<\/form>\n\t\t\t\t\t\t<\/div>\n\t\t\t\t<\/div>\n\t\t<div class=\"elementor-element elementor-element-266c16be e-con-full e-flex e-con e-child\" data-id=\"266c16be\" data-element_type=\"container\" data-e-type=\"container\" data-settings=\"{&quot;background_background&quot;:&quot;classic&quot;}\">\n\t\t\t\t<\/div>\n\t\t\t\t<\/div>\n\t\t<div class=\"elementor-element elementor-element-fefae0c e-flex e-con-boxed e-con e-parent\" data-id=\"fefae0c\" data-element_type=\"container\" data-e-type=\"container\">\n\t\t\t\t\t<div class=\"e-con-inner\">\n\t\t\t\t<div class=\"elementor-element elementor-element-12e071e elementor-widget elementor-widget-spacer\" data-id=\"12e071e\" data-element_type=\"widget\" data-e-type=\"widget\" data-widget_type=\"spacer.default\">\n\t\t\t\t\t\t\t<div class=\"elementor-spacer\">\n\t\t\t<div class=\"elementor-spacer-inner\"><\/div>\n\t\t<\/div>\n\t\t\t\t\t\t<\/div>\n\t\t\t\t\t<\/div>\n\t\t\t\t<\/div>\n\t\t<div class=\"elementor-element elementor-element-4378aa78 e-con-full e-flex e-con e-parent\" data-id=\"4378aa78\" data-element_type=\"container\" data-e-type=\"container\">\n\t\t\t\t<div class=\"elementor-element elementor-element-ff327b0 elementor-widget__width-inherit elementor-widget-tablet__width-inherit elementor-widget elementor-widget-heading\" data-id=\"ff327b0\" data-element_type=\"widget\" data-e-type=\"widget\" data-widget_type=\"heading.default\">\n\t\t\t\t\t<h2 class=\"elementor-heading-title elementor-size-default\">Bodega Ribera del Duero<\/h2>\t\t\t\t<\/div>\n\t\t\t\t<div class=\"elementor-element elementor-element-25e35d1c elementor-widget__width-inherit elementor-widget elementor-widget-google_maps\" data-id=\"25e35d1c\" data-element_type=\"widget\" data-e-type=\"widget\" data-widget_type=\"google_maps.default\">\n\t\t\t\t\t\t\t<div class=\"elementor-custom-embed\">\n\t\t\t<iframe loading=\"lazy\"\n\t\t\t\t\tsrc=\"https:\/\/maps.google.com\/maps?q=Casa%20Rojo%20Ribera%20del%20Duero&#038;t=m&#038;z=14&#038;output=embed&#038;iwloc=near\"\n\t\t\t\t\ttitle=\"Casa Rojo Ribera del Duero\"\n\t\t\t\t\taria-label=\"Casa Rojo Ribera del Duero\"\n\t\t\t><\/iframe>\n\t\t<\/div>\n\t\t\t\t\t\t<\/div>\n\t\t\t\t<\/div>\n\t\t<div class=\"elementor-element elementor-element-50cab6c e-con-full e-flex e-con e-parent\" data-id=\"50cab6c\" data-element_type=\"container\" data-e-type=\"container\">\n\t\t\t\t<div class=\"elementor-element elementor-element-397b672 elementor-widget elementor-widget-spacer\" data-id=\"397b672\" data-element_type=\"widget\" data-e-type=\"widget\" data-widget_type=\"spacer.default\">\n\t\t\t\t\t\t\t<div class=\"elementor-spacer\">\n\t\t\t<div class=\"elementor-spacer-inner\"><\/div>\n\t\t<\/div>\n\t\t\t\t\t\t<\/div>\n\t\t\t\t<div class=\"elementor-element elementor-element-f026bf9 elementor-widget__width-inherit elementor-widget-tablet__width-inherit elementor-widget elementor-widget-heading\" data-id=\"f026bf9\" data-element_type=\"widget\" data-e-type=\"widget\" data-widget_type=\"heading.default\">\n\t\t\t\t\t<h2 class=\"elementor-heading-title elementor-size-default\">Bodega Casa Rojo Murcia<\/h2>\t\t\t\t<\/div>\n\t\t\t\t<div class=\"elementor-element elementor-element-8c9182a elementor-widget__width-inherit elementor-widget elementor-widget-google_maps\" data-id=\"8c9182a\" data-element_type=\"widget\" data-e-type=\"widget\" data-widget_type=\"google_maps.default\">\n\t\t\t\t\t\t\t<div class=\"elementor-custom-embed\">\n\t\t\t<iframe loading=\"lazy\"\n\t\t\t\t\tsrc=\"https:\/\/maps.google.com\/maps?q=casa%20rojo&#038;t=m&#038;z=14&#038;output=embed&#038;iwloc=near\"\n\t\t\t\t\ttitle=\"casa rojo\"\n\t\t\t\t\taria-label=\"casa rojo\"\n\t\t\t><\/iframe>\n\t\t<\/div>\n\t\t\t\t\t\t<\/div>\n\t\t\t\t<\/div>\n\t\t\t\t<\/div>\n\t\t","protected":false},"excerpt":{"rendered":"<p>\u00bfC\u00f3mo podemos ayudarte? Tel\u00e9fono (+34) 968 15 15 20 Direcci\u00f3n Carretera de La Zarza, s\/n 30520 Jumilla, Murcia Email enoturismo@casarojo.com (Visitas) info@casarojo.com Bodega Ribera del Duero Bodega Casa Rojo Murcia<\/p>","protected":false},"author":1,"featured_media":0,"parent":0,"menu_order":0,"comment_status":"closed","ping_status":"closed","template":"","meta":{"_acf_changed":false,"footnotes":""},"class_list":["post-416","page","type-page","status-publish","hentry"],"acf":[],"yoast_head":"<!-- This site is optimized with the Yoast SEO plugin v27.4 - https:\/\/yoast.com\/product\/yoast-seo-wordpress\/ -->\n<title>CONTACTO - Casa Rojo Bodega y Vi\u00f1edos - Web Oficial<\/title>\n<meta name=\"robots\" content=\"index, follow, max-snippet:-1, max-image-preview:large, max-video-preview:-1\" \/>\n<link rel=\"canonical\" href=\"https:\/\/www.casarojo.com\/en\/contacto\/\" \/>\n<meta property=\"og:locale\" content=\"en_GB\" \/>\n<meta property=\"og:type\" content=\"article\" \/>\n<meta property=\"og:title\" content=\"CONTACTO - Casa Rojo Bodega y Vi\u00f1edos - Web Oficial\" \/>\n<meta property=\"og:description\" content=\"\u00bfC\u00f3mo podemos ayudarte? Tel\u00e9fono (+34) 968 15 15 20 Direcci\u00f3n Carretera de La Zarza, s\/n 30520 Jumilla, Murcia Email enoturismo@casarojo.com (Visitas) info@casarojo.com Bodega Ribera del Duero Bodega Casa Rojo Murcia\" \/>\n<meta property=\"og:url\" content=\"https:\/\/www.casarojo.com\/en\/contacto\/\" \/>\n<meta property=\"og:site_name\" content=\"Casa Rojo Bodega y Vi\u00f1edos - Web Oficial\" \/>\n<meta property=\"article:publisher\" content=\"https:\/\/www.facebook.com\/casarojoenoturismo\/\" \/>\n<meta property=\"article:modified_time\" content=\"2026-02-02T08:12:21+00:00\" \/>\n<meta property=\"og:image\" content=\"https:\/\/www.casarojo.com\/wp-content\/uploads\/2025\/12\/DSC8909.jpg\" \/>\n<meta name=\"twitter:card\" content=\"summary_large_image\" \/>\n<meta name=\"twitter:label1\" content=\"Estimated reading time\" \/>\n\t<meta name=\"twitter:data1\" content=\"1 minute\" \/>\n<script type=\"application\/ld+json\" class=\"yoast-schema-graph\">{\"@context\":\"https:\\\/\\\/schema.org\",\"@graph\":[{\"@type\":\"WebPage\",\"@id\":\"https:\\\/\\\/www.casarojo.com\\\/contacto\\\/\",\"url\":\"https:\\\/\\\/www.casarojo.com\\\/contacto\\\/\",\"name\":\"CONTACTO - Casa Rojo Bodega y Vi\u00f1edos - Web Oficial\",\"isPartOf\":{\"@id\":\"https:\\\/\\\/www.casarojo.com\\\/#website\"},\"primaryImageOfPage\":{\"@id\":\"https:\\\/\\\/www.casarojo.com\\\/contacto\\\/#primaryimage\"},\"image\":{\"@id\":\"https:\\\/\\\/www.casarojo.com\\\/contacto\\\/#primaryimage\"},\"thumbnailUrl\":\"https:\\\/\\\/www.casarojo.com\\\/wp-content\\\/uploads\\\/2025\\\/12\\\/DSC8909.jpg\",\"datePublished\":\"2026-01-26T12:36:36+00:00\",\"dateModified\":\"2026-02-02T08:12:21+00:00\",\"breadcrumb\":{\"@id\":\"https:\\\/\\\/www.casarojo.com\\\/contacto\\\/#breadcrumb\"},\"inLanguage\":\"en-GB\",\"potentialAction\":[{\"@type\":\"ReadAction\",\"target\":[\"https:\\\/\\\/www.casarojo.com\\\/contacto\\\/\"]}]},{\"@type\":\"ImageObject\",\"inLanguage\":\"en-GB\",\"@id\":\"https:\\\/\\\/www.casarojo.com\\\/contacto\\\/#primaryimage\",\"url\":\"https:\\\/\\\/www.casarojo.com\\\/wp-content\\\/uploads\\\/2025\\\/12\\\/DSC8909.jpg\",\"contentUrl\":\"https:\\\/\\\/www.casarojo.com\\\/wp-content\\\/uploads\\\/2025\\\/12\\\/DSC8909.jpg\"},{\"@type\":\"BreadcrumbList\",\"@id\":\"https:\\\/\\\/www.casarojo.com\\\/contacto\\\/#breadcrumb\",\"itemListElement\":[{\"@type\":\"ListItem\",\"position\":1,\"name\":\"Portada\",\"item\":\"https:\\\/\\\/www.casarojo.com\\\/en\\\/\"},{\"@type\":\"ListItem\",\"position\":2,\"name\":\"CONTACTO\"}]},{\"@type\":\"WebSite\",\"@id\":\"https:\\\/\\\/www.casarojo.com\\\/#website\",\"url\":\"https:\\\/\\\/www.casarojo.com\\\/\",\"name\":\"Casa Rojo Bodega y Vi\u00f1edos - Web Oficial\",\"description\":\"Casa Rojo Bodega y Vi\u00f1edos. Ribera del Duero - Tierra de Murcia. Mucho que contar.\",\"publisher\":{\"@id\":\"https:\\\/\\\/www.casarojo.com\\\/#organization\"},\"alternateName\":\"Casa Rojo\",\"potentialAction\":[{\"@type\":\"SearchAction\",\"target\":{\"@type\":\"EntryPoint\",\"urlTemplate\":\"https:\\\/\\\/www.casarojo.com\\\/?s={search_term_string}\"},\"query-input\":{\"@type\":\"PropertyValueSpecification\",\"valueRequired\":true,\"valueName\":\"search_term_string\"}}],\"inLanguage\":\"en-GB\"},{\"@type\":\"Organization\",\"@id\":\"https:\\\/\\\/www.casarojo.com\\\/#organization\",\"name\":\"Casa Rojo Bodega y Vi\u00f1edos - Web Oficial\",\"url\":\"https:\\\/\\\/www.casarojo.com\\\/\",\"logo\":{\"@type\":\"ImageObject\",\"inLanguage\":\"en-GB\",\"@id\":\"https:\\\/\\\/www.casarojo.com\\\/#\\\/schema\\\/logo\\\/image\\\/\",\"url\":\"https:\\\/\\\/www.casarojo.com\\\/wp-content\\\/uploads\\\/2026\\\/01\\\/favicon.jpg\",\"contentUrl\":\"https:\\\/\\\/www.casarojo.com\\\/wp-content\\\/uploads\\\/2026\\\/01\\\/favicon.jpg\",\"width\":150,\"height\":150,\"caption\":\"Casa Rojo Bodega y Vi\u00f1edos - Web Oficial\"},\"image\":{\"@id\":\"https:\\\/\\\/www.casarojo.com\\\/#\\\/schema\\\/logo\\\/image\\\/\"},\"sameAs\":[\"https:\\\/\\\/www.facebook.com\\\/casarojoenoturismo\\\/\",\"https:\\\/\\\/www.instagram.com\\\/bodegascasarojo\\\/\",\"https:\\\/\\\/www.youtube.com\\\/@casarojo2952\\\/\",\"https:\\\/\\\/www.linkedin.com\\\/company\\\/exporto-mediterranean-wines---emw-spain\\\/\",\"https:\\\/\\\/www.tiktok.com\\\/@bodegascasarojo\"]}]}<\/script>\n<!-- \/ Yoast SEO plugin. -->","yoast_head_json":{"title":"CONTACTO - Casa Rojo Bodega y Vi\u00f1edos - Web Oficial","robots":{"index":"index","follow":"follow","max-snippet":"max-snippet:-1","max-image-preview":"max-image-preview:large","max-video-preview":"max-video-preview:-1"},"canonical":"https:\/\/www.casarojo.com\/en\/contacto\/","og_locale":"en_GB","og_type":"article","og_title":"CONTACTO - Casa Rojo Bodega y Vi\u00f1edos - Web Oficial","og_description":"\u00bfC\u00f3mo podemos ayudarte? Tel\u00e9fono (+34) 968 15 15 20 Direcci\u00f3n Carretera de La Zarza, s\/n 30520 Jumilla, Murcia Email enoturismo@casarojo.com (Visitas) info@casarojo.com Bodega Ribera del Duero Bodega Casa Rojo Murcia","og_url":"https:\/\/www.casarojo.com\/en\/contacto\/","og_site_name":"Casa Rojo Bodega y Vi\u00f1edos - Web Oficial","article_publisher":"https:\/\/www.facebook.com\/casarojoenoturismo\/","article_modified_time":"2026-02-02T08:12:21+00:00","og_image":[{"url":"https:\/\/www.casarojo.com\/wp-content\/uploads\/2025\/12\/DSC8909.jpg","type":"","width":"","height":""}],"twitter_card":"summary_large_image","twitter_misc":{"Estimated reading time":"1 minute"},"schema":{"@context":"https:\/\/schema.org","@graph":[{"@type":"WebPage","@id":"https:\/\/www.casarojo.com\/contacto\/","url":"https:\/\/www.casarojo.com\/contacto\/","name":"CONTACTO - Casa Rojo Bodega y Vi\u00f1edos - Web Oficial","isPartOf":{"@id":"https:\/\/www.casarojo.com\/#website"},"primaryImageOfPage":{"@id":"https:\/\/www.casarojo.com\/contacto\/#primaryimage"},"image":{"@id":"https:\/\/www.casarojo.com\/contacto\/#primaryimage"},"thumbnailUrl":"https:\/\/www.casarojo.com\/wp-content\/uploads\/2025\/12\/DSC8909.jpg","datePublished":"2026-01-26T12:36:36+00:00","dateModified":"2026-02-02T08:12:21+00:00","breadcrumb":{"@id":"https:\/\/www.casarojo.com\/contacto\/#breadcrumb"},"inLanguage":"en-GB","potentialAction":[{"@type":"ReadAction","target":["https:\/\/www.casarojo.com\/contacto\/"]}]},{"@type":"ImageObject","inLanguage":"en-GB","@id":"https:\/\/www.casarojo.com\/contacto\/#primaryimage","url":"https:\/\/www.casarojo.com\/wp-content\/uploads\/2025\/12\/DSC8909.jpg","contentUrl":"https:\/\/www.casarojo.com\/wp-content\/uploads\/2025\/12\/DSC8909.jpg"},{"@type":"BreadcrumbList","@id":"https:\/\/www.casarojo.com\/contacto\/#breadcrumb","itemListElement":[{"@type":"ListItem","position":1,"name":"Portada","item":"https:\/\/www.casarojo.com\/en\/"},{"@type":"ListItem","position":2,"name":"CONTACTO"}]},{"@type":"WebSite","@id":"https:\/\/www.casarojo.com\/#website","url":"https:\/\/www.casarojo.com\/","name":"Casa Rojo Bodega y Vi\u00f1edos - Web Oficial","description":"Casa Rojo Bodega y Vi\u00f1edos. Ribera del Duero - Tierra de Murcia. Mucho que contar.","publisher":{"@id":"https:\/\/www.casarojo.com\/#organization"},"alternateName":"Casa Rojo","potentialAction":[{"@type":"SearchAction","target":{"@type":"EntryPoint","urlTemplate":"https:\/\/www.casarojo.com\/?s={search_term_string}"},"query-input":{"@type":"PropertyValueSpecification","valueRequired":true,"valueName":"search_term_string"}}],"inLanguage":"en-GB"},{"@type":"Organization","@id":"https:\/\/www.casarojo.com\/#organization","name":"Casa Rojo Bodega y Vi\u00f1edos - Web Oficial","url":"https:\/\/www.casarojo.com\/","logo":{"@type":"ImageObject","inLanguage":"en-GB","@id":"https:\/\/www.casarojo.com\/#\/schema\/logo\/image\/","url":"https:\/\/www.casarojo.com\/wp-content\/uploads\/2026\/01\/favicon.jpg","contentUrl":"https:\/\/www.casarojo.com\/wp-content\/uploads\/2026\/01\/favicon.jpg","width":150,"height":150,"caption":"Casa Rojo Bodega y Vi\u00f1edos - Web Oficial"},"image":{"@id":"https:\/\/www.casarojo.com\/#\/schema\/logo\/image\/"},"sameAs":["https:\/\/www.facebook.com\/casarojoenoturismo\/","https:\/\/www.instagram.com\/bodegascasarojo\/","https:\/\/www.youtube.com\/@casarojo2952\/","https:\/\/www.linkedin.com\/company\/exporto-mediterranean-wines---emw-spain\/","https:\/\/www.tiktok.com\/@bodegascasarojo"]}]}},"ase":null,"_links":{"self":[{"href":"https:\/\/www.casarojo.com\/en\/wp-json\/wp\/v2\/pages\/416","targetHints":{"allow":["GET"]}}],"collection":[{"href":"https:\/\/www.casarojo.com\/en\/wp-json\/wp\/v2\/pages"}],"about":[{"href":"https:\/\/www.casarojo.com\/en\/wp-json\/wp\/v2\/types\/page"}],"author":[{"embeddable":true,"href":"https:\/\/www.casarojo.com\/en\/wp-json\/wp\/v2\/users\/1"}],"replies":[{"embeddable":true,"href":"https:\/\/www.casarojo.com\/en\/wp-json\/wp\/v2\/comments?post=416"}],"version-history":[{"count":0,"href":"https:\/\/www.casarojo.com\/en\/wp-json\/wp\/v2\/pages\/416\/revisions"}],"wp:attachment":[{"href":"https:\/\/www.casarojo.com\/en\/wp-json\/wp\/v2\/media?parent=416"}],"curies":[{"name":"wp","href":"https:\/\/api.w.org\/{rel}","templated":true}]}}