{"id":1135,"date":"2026-02-01T22:51:03","date_gmt":"2026-02-01T21:51:03","guid":{"rendered":"https:\/\/www.casarojo.com\/?page_id=1135"},"modified":"2026-02-01T22:52:04","modified_gmt":"2026-02-01T21:52:04","slug":"cookies","status":"publish","type":"page","link":"https:\/\/www.casarojo.com\/en\/cookies\/","title":{"rendered":"Cookies Policy"},"content":{"rendered":"<div data-elementor-type=\"wp-page\" data-elementor-id=\"1135\" class=\"elementor elementor-1135\" data-elementor-post-type=\"page\">\n\t\t\t\t<div class=\"elementor-element elementor-element-88a2784 e-flex e-con-boxed e-con e-parent\" data-id=\"88a2784\" data-element_type=\"container\" data-e-type=\"container\">\n\t\t\t\t\t<div class=\"e-con-inner\">\n\t\t\t\t\t<\/div>\n\t\t\t\t<\/div>\n\t\t<div class=\"elementor-element elementor-element-26c6423f e-flex e-con-boxed e-con e-parent\" data-id=\"26c6423f\" data-element_type=\"container\" data-e-type=\"container\">\n\t\t\t\t\t<div class=\"e-con-inner\">\n\t\t\t\t<div class=\"elementor-element elementor-element-d7d552f elementor-widget elementor-widget-heading\" data-id=\"d7d552f\" data-element_type=\"widget\" data-e-type=\"widget\" data-widget_type=\"heading.default\">\n\t\t\t\t\t<h2 class=\"elementor-heading-title elementor-size-default\">POL\u00cdTICA DE COOKIES<\/h2>\t\t\t\t<\/div>\n\t\t\t\t<div class=\"elementor-element elementor-element-5e7f6f27 elementor-widget elementor-widget-text-editor\" data-id=\"5e7f6f27\" data-element_type=\"widget\" data-e-type=\"widget\" data-widget_type=\"text-editor.default\">\n\t\t\t\t\t\t\t\t\t<p><strong>CR<\/strong>\u00a0y\/o un tercero contratado para la prestaci\u00f3n de servicios de medici\u00f3n pueden utilizar\u00a0<strong>cookies<\/strong>\u00a0cuando un usuario navega por el sitio web. Las cookies son archivos enviados al navegador por un servidor web para registrar las actividades del usuario durante su tiempo de navegaci\u00f3n.<\/p>\n<p>Las cookies utilizadas en este sitio web est\u00e1n asociadas exclusivamente con un usuario an\u00f3nimo y su ordenador, y no proporcionan, por s\u00ed solas, datos personales del usuario. El uso de cookies facilita que el servidor reconozca el navegador web del usuario para que la navegaci\u00f3n sea m\u00e1s sencilla, permitiendo el acceso a \u00e1reas reservadas para usuarios registrados sin tener que iniciar sesi\u00f3n en cada visita.<\/p>\n<p>Las cookies tambi\u00e9n se utilizan para medir la audiencia, el tr\u00e1fico y controlar el n\u00famero de entradas, entre otras funciones. El usuario tiene la opci\u00f3n de configurar su navegador para ser avisado de la recepci\u00f3n de cookies y para impedir su instalaci\u00f3n en su equipo. Para m\u00e1s detalles, consulte las instrucciones y manuales de su navegador.<\/p>\n<p>El uso del sitio web no requiere que el usuario permita la instalaci\u00f3n de cookies enviadas por el sitio web, sin embargo, es necesario para acceder a servicios que requieran el previo registro o \u00ablogin\u00bb.<\/p>\n<p>Las cookies utilizadas son de car\u00e1cter\u00a0<strong>temporal<\/strong>\u00a0y no se usar\u00e1n para recopilar informaci\u00f3n personal del usuario.<\/p>\n<p><strong>Direcciones IP<\/strong><\/p>\n<p>Los servidores del sitio web pueden detectar de manera autom\u00e1tica la direcci\u00f3n IP y el nombre de dominio utilizados por el usuario. Esta informaci\u00f3n es registrada en un fichero de actividad del servidor con fines estad\u00edsticos, como conocer el n\u00famero de visitas realizadas, las p\u00e1ginas vistas y el punto de acceso.<\/p>\n<p><strong>Seguridad<\/strong><\/p>\n<p>El sitio web utiliza medidas de seguridad de la informaci\u00f3n generalmente aceptadas en la industria, como firewalls, control de acceso y mecanismos criptogr\u00e1ficos, para evitar el acceso no autorizado a los datos personales.<\/p>\n<!-- \/wp:paragraph -->\t\t\t\t\t\t\t\t<\/div>\n\t\t\t\t\t<\/div>\n\t\t\t\t<\/div>\n\t\t\t\t<\/div>","protected":false},"excerpt":{"rendered":"<p>POL\u00cdTICA DE COOKIES CR\u00a0y\/o un tercero contratado para la prestaci\u00f3n de servicios de medici\u00f3n pueden utilizar\u00a0cookies\u00a0cuando un usuario navega por el sitio web. Las cookies son archivos enviados al navegador por un servidor web para registrar las actividades del usuario durante su tiempo de navegaci\u00f3n. Las cookies utilizadas en este sitio web est\u00e1n asociadas exclusivamente [&hellip;]<\/p>\n","protected":false},"author":1,"featured_media":0,"parent":0,"menu_order":0,"comment_status":"closed","ping_status":"open","template":"","meta":{"_acf_changed":false,"footnotes":""},"class_list":["post-1135","page","type-page","status-publish","hentry"],"acf":[],"yoast_head":"<!-- This site is optimized with the Yoast SEO plugin v27.4 - https:\/\/yoast.com\/product\/yoast-seo-wordpress\/ -->\n<title>Pol\u00edtica de cookies - Casa Rojo Bodega y Vi\u00f1edos - Web Oficial<\/title>\n<meta name=\"robots\" content=\"index, follow, max-snippet:-1, max-image-preview:large, max-video-preview:-1\" \/>\n<link rel=\"canonical\" href=\"https:\/\/www.casarojo.com\/en\/cookies\/\" \/>\n<meta property=\"og:locale\" content=\"en_GB\" \/>\n<meta property=\"og:type\" content=\"article\" \/>\n<meta property=\"og:title\" content=\"Pol\u00edtica de cookies - Casa Rojo Bodega y Vi\u00f1edos - Web Oficial\" \/>\n<meta property=\"og:description\" content=\"POL\u00cdTICA DE COOKIES CR\u00a0y\/o un tercero contratado para la prestaci\u00f3n de servicios de medici\u00f3n pueden utilizar\u00a0cookies\u00a0cuando un usuario navega por el sitio web. Las cookies son archivos enviados al navegador por un servidor web para registrar las actividades del usuario durante su tiempo de navegaci\u00f3n. Las cookies utilizadas en este sitio web est\u00e1n asociadas exclusivamente [&hellip;]\" \/>\n<meta property=\"og:url\" content=\"https:\/\/www.casarojo.com\/en\/cookies\/\" \/>\n<meta property=\"og:site_name\" content=\"Casa Rojo Bodega y Vi\u00f1edos - Web Oficial\" \/>\n<meta property=\"article:publisher\" content=\"https:\/\/www.facebook.com\/casarojoenoturismo\/\" \/>\n<meta property=\"article:modified_time\" content=\"2026-02-01T21:52:04+00:00\" \/>\n<meta name=\"twitter:card\" content=\"summary_large_image\" \/>\n<meta name=\"twitter:label1\" content=\"Estimated reading time\" \/>\n\t<meta name=\"twitter:data1\" content=\"2 minutes\" \/>\n<script type=\"application\/ld+json\" class=\"yoast-schema-graph\">{\"@context\":\"https:\\\/\\\/schema.org\",\"@graph\":[{\"@type\":\"WebPage\",\"@id\":\"https:\\\/\\\/www.casarojo.com\\\/cookies\\\/\",\"url\":\"https:\\\/\\\/www.casarojo.com\\\/cookies\\\/\",\"name\":\"Pol\u00edtica de cookies - Casa Rojo Bodega y Vi\u00f1edos - Web Oficial\",\"isPartOf\":{\"@id\":\"https:\\\/\\\/www.casarojo.com\\\/#website\"},\"datePublished\":\"2026-02-01T21:51:03+00:00\",\"dateModified\":\"2026-02-01T21:52:04+00:00\",\"breadcrumb\":{\"@id\":\"https:\\\/\\\/www.casarojo.com\\\/cookies\\\/#breadcrumb\"},\"inLanguage\":\"en-GB\",\"potentialAction\":[{\"@type\":\"ReadAction\",\"target\":[\"https:\\\/\\\/www.casarojo.com\\\/cookies\\\/\"]}]},{\"@type\":\"BreadcrumbList\",\"@id\":\"https:\\\/\\\/www.casarojo.com\\\/cookies\\\/#breadcrumb\",\"itemListElement\":[{\"@type\":\"ListItem\",\"position\":1,\"name\":\"Portada\",\"item\":\"https:\\\/\\\/www.casarojo.com\\\/en\\\/\"},{\"@type\":\"ListItem\",\"position\":2,\"name\":\"Pol\u00edtica de cookies\"}]},{\"@type\":\"WebSite\",\"@id\":\"https:\\\/\\\/www.casarojo.com\\\/#website\",\"url\":\"https:\\\/\\\/www.casarojo.com\\\/\",\"name\":\"Casa Rojo Bodega y Vi\u00f1edos - Web Oficial\",\"description\":\"Casa Rojo Bodega y Vi\u00f1edos. Ribera del Duero - Tierra de Murcia. Mucho que contar.\",\"publisher\":{\"@id\":\"https:\\\/\\\/www.casarojo.com\\\/#organization\"},\"alternateName\":\"Casa Rojo\",\"potentialAction\":[{\"@type\":\"SearchAction\",\"target\":{\"@type\":\"EntryPoint\",\"urlTemplate\":\"https:\\\/\\\/www.casarojo.com\\\/?s={search_term_string}\"},\"query-input\":{\"@type\":\"PropertyValueSpecification\",\"valueRequired\":true,\"valueName\":\"search_term_string\"}}],\"inLanguage\":\"en-GB\"},{\"@type\":\"Organization\",\"@id\":\"https:\\\/\\\/www.casarojo.com\\\/#organization\",\"name\":\"Casa Rojo Bodega y Vi\u00f1edos - Web Oficial\",\"url\":\"https:\\\/\\\/www.casarojo.com\\\/\",\"logo\":{\"@type\":\"ImageObject\",\"inLanguage\":\"en-GB\",\"@id\":\"https:\\\/\\\/www.casarojo.com\\\/#\\\/schema\\\/logo\\\/image\\\/\",\"url\":\"https:\\\/\\\/www.casarojo.com\\\/wp-content\\\/uploads\\\/2026\\\/01\\\/favicon.jpg\",\"contentUrl\":\"https:\\\/\\\/www.casarojo.com\\\/wp-content\\\/uploads\\\/2026\\\/01\\\/favicon.jpg\",\"width\":150,\"height\":150,\"caption\":\"Casa Rojo Bodega y Vi\u00f1edos - Web Oficial\"},\"image\":{\"@id\":\"https:\\\/\\\/www.casarojo.com\\\/#\\\/schema\\\/logo\\\/image\\\/\"},\"sameAs\":[\"https:\\\/\\\/www.facebook.com\\\/casarojoenoturismo\\\/\",\"https:\\\/\\\/www.instagram.com\\\/bodegascasarojo\\\/\",\"https:\\\/\\\/www.youtube.com\\\/@casarojo2952\\\/\",\"https:\\\/\\\/www.linkedin.com\\\/company\\\/exporto-mediterranean-wines---emw-spain\\\/\",\"https:\\\/\\\/www.tiktok.com\\\/@bodegascasarojo\"]}]}<\/script>\n<!-- \/ Yoast SEO plugin. -->","yoast_head_json":{"title":"Pol\u00edtica de cookies - Casa Rojo Bodega y Vi\u00f1edos - Web Oficial","robots":{"index":"index","follow":"follow","max-snippet":"max-snippet:-1","max-image-preview":"max-image-preview:large","max-video-preview":"max-video-preview:-1"},"canonical":"https:\/\/www.casarojo.com\/en\/cookies\/","og_locale":"en_GB","og_type":"article","og_title":"Pol\u00edtica de cookies - Casa Rojo Bodega y Vi\u00f1edos - Web Oficial","og_description":"POL\u00cdTICA DE COOKIES CR\u00a0y\/o un tercero contratado para la prestaci\u00f3n de servicios de medici\u00f3n pueden utilizar\u00a0cookies\u00a0cuando un usuario navega por el sitio web. Las cookies son archivos enviados al navegador por un servidor web para registrar las actividades del usuario durante su tiempo de navegaci\u00f3n. Las cookies utilizadas en este sitio web est\u00e1n asociadas exclusivamente [&hellip;]","og_url":"https:\/\/www.casarojo.com\/en\/cookies\/","og_site_name":"Casa Rojo Bodega y Vi\u00f1edos - Web Oficial","article_publisher":"https:\/\/www.facebook.com\/casarojoenoturismo\/","article_modified_time":"2026-02-01T21:52:04+00:00","twitter_card":"summary_large_image","twitter_misc":{"Estimated reading time":"2 minutes"},"schema":{"@context":"https:\/\/schema.org","@graph":[{"@type":"WebPage","@id":"https:\/\/www.casarojo.com\/cookies\/","url":"https:\/\/www.casarojo.com\/cookies\/","name":"Pol\u00edtica de cookies - Casa Rojo Bodega y Vi\u00f1edos - Web Oficial","isPartOf":{"@id":"https:\/\/www.casarojo.com\/#website"},"datePublished":"2026-02-01T21:51:03+00:00","dateModified":"2026-02-01T21:52:04+00:00","breadcrumb":{"@id":"https:\/\/www.casarojo.com\/cookies\/#breadcrumb"},"inLanguage":"en-GB","potentialAction":[{"@type":"ReadAction","target":["https:\/\/www.casarojo.com\/cookies\/"]}]},{"@type":"BreadcrumbList","@id":"https:\/\/www.casarojo.com\/cookies\/#breadcrumb","itemListElement":[{"@type":"ListItem","position":1,"name":"Portada","item":"https:\/\/www.casarojo.com\/en\/"},{"@type":"ListItem","position":2,"name":"Pol\u00edtica de cookies"}]},{"@type":"WebSite","@id":"https:\/\/www.casarojo.com\/#website","url":"https:\/\/www.casarojo.com\/","name":"Casa Rojo Bodega y Vi\u00f1edos - Web Oficial","description":"Casa Rojo Bodega y Vi\u00f1edos. Ribera del Duero - Tierra de Murcia. Mucho que contar.","publisher":{"@id":"https:\/\/www.casarojo.com\/#organization"},"alternateName":"Casa Rojo","potentialAction":[{"@type":"SearchAction","target":{"@type":"EntryPoint","urlTemplate":"https:\/\/www.casarojo.com\/?s={search_term_string}"},"query-input":{"@type":"PropertyValueSpecification","valueRequired":true,"valueName":"search_term_string"}}],"inLanguage":"en-GB"},{"@type":"Organization","@id":"https:\/\/www.casarojo.com\/#organization","name":"Casa Rojo Bodega y Vi\u00f1edos - Web Oficial","url":"https:\/\/www.casarojo.com\/","logo":{"@type":"ImageObject","inLanguage":"en-GB","@id":"https:\/\/www.casarojo.com\/#\/schema\/logo\/image\/","url":"https:\/\/www.casarojo.com\/wp-content\/uploads\/2026\/01\/favicon.jpg","contentUrl":"https:\/\/www.casarojo.com\/wp-content\/uploads\/2026\/01\/favicon.jpg","width":150,"height":150,"caption":"Casa Rojo Bodega y Vi\u00f1edos - Web Oficial"},"image":{"@id":"https:\/\/www.casarojo.com\/#\/schema\/logo\/image\/"},"sameAs":["https:\/\/www.facebook.com\/casarojoenoturismo\/","https:\/\/www.instagram.com\/bodegascasarojo\/","https:\/\/www.youtube.com\/@casarojo2952\/","https:\/\/www.linkedin.com\/company\/exporto-mediterranean-wines---emw-spain\/","https:\/\/www.tiktok.com\/@bodegascasarojo"]}]}},"ase":null,"_links":{"self":[{"href":"https:\/\/www.casarojo.com\/en\/wp-json\/wp\/v2\/pages\/1135","targetHints":{"allow":["GET"]}}],"collection":[{"href":"https:\/\/www.casarojo.com\/en\/wp-json\/wp\/v2\/pages"}],"about":[{"href":"https:\/\/www.casarojo.com\/en\/wp-json\/wp\/v2\/types\/page"}],"author":[{"embeddable":true,"href":"https:\/\/www.casarojo.com\/en\/wp-json\/wp\/v2\/users\/1"}],"replies":[{"embeddable":true,"href":"https:\/\/www.casarojo.com\/en\/wp-json\/wp\/v2\/comments?post=1135"}],"version-history":[{"count":0,"href":"https:\/\/www.casarojo.com\/en\/wp-json\/wp\/v2\/pages\/1135\/revisions"}],"wp:attachment":[{"href":"https:\/\/www.casarojo.com\/en\/wp-json\/wp\/v2\/media?parent=1135"}],"curies":[{"name":"wp","href":"https:\/\/api.w.org\/{rel}","templated":true}]}}