{"id":1130,"date":"2026-02-01T22:48:16","date_gmt":"2026-02-01T21:48:16","guid":{"rendered":"https:\/\/www.casarojo.com\/?page_id=1130"},"modified":"2026-02-01T22:49:53","modified_gmt":"2026-02-01T21:49:53","slug":"calidad","status":"publish","type":"page","link":"https:\/\/www.casarojo.com\/en\/calidad\/","title":{"rendered":"Quality and Environmental Policy"},"content":{"rendered":"<div data-elementor-type=\"wp-page\" data-elementor-id=\"1130\" class=\"elementor elementor-1130\" data-elementor-post-type=\"page\">\n\t\t\t\t<div class=\"elementor-element elementor-element-88a2784 e-flex e-con-boxed e-con e-parent\" data-id=\"88a2784\" data-element_type=\"container\" data-e-type=\"container\">\n\t\t\t\t\t<div class=\"e-con-inner\">\n\t\t\t\t\t<\/div>\n\t\t\t\t<\/div>\n\t\t<div class=\"elementor-element elementor-element-26c6423f e-flex e-con-boxed e-con e-parent\" data-id=\"26c6423f\" data-element_type=\"container\" data-e-type=\"container\">\n\t\t\t\t\t<div class=\"e-con-inner\">\n\t\t\t\t<div class=\"elementor-element elementor-element-d7d552f elementor-widget elementor-widget-heading\" data-id=\"d7d552f\" data-element_type=\"widget\" data-e-type=\"widget\" data-widget_type=\"heading.default\">\n\t\t\t\t\t<h2 class=\"elementor-heading-title elementor-size-default\">POL\u00cdTICA DE CALIDAD Y MEDIOAMBIENTE<\/h2>\t\t\t\t<\/div>\n\t\t\t\t<div class=\"elementor-element elementor-element-5e7f6f27 elementor-widget elementor-widget-text-editor\" data-id=\"5e7f6f27\" data-element_type=\"widget\" data-e-type=\"widget\" data-widget_type=\"text-editor.default\">\n\t\t\t\t\t\t\t\t\t<p>CASA ROJO BODEGA Y VI\u00d1EDOS SL. es una empresa dedicada al dise\u00f1o, elaboraci\u00f3n y comercializaci\u00f3n de productos vin\u00edcolas.<\/p>\n<p>Nuestra misi\u00f3n es renovar la imagen del mundo del vino llev\u00e1ndolo a ser un producto, una actividad para las nuevas generaciones de consumidores del mundo.<br \/>Nuestra visi\u00f3n es ser la empresa que marca un nuevo camino a seguir en el sector vin\u00edcola, dejando un legado positivo en la sociedad.<br \/>Nuestros valores son: CALIDAD, SEGURIDAD, PROVEEDORES, CLIENTES, EQUIPO as\u00ed como la PROTECCI\u00d3N DEL MEDIO AMBIENTE en el desarrollo de nuestra actividad.<br \/>Para alcanzar la misi\u00f3n visi\u00f3n y valores, Casa Rojo Bodega y Vi\u00f1edos SL. dispone de un sistema de gesti\u00f3n de calidad y medio ambiente seg\u00fan las normas ISO 9001 y 14001, respectivamente y muestra en esta Pol\u00edtica de Calidad y Medio Ambiente nuestros compromisos de mejora fundamentales:<\/p>\n<p>Cumplir con los requisitos legales y otros requisitos adquiridos voluntariamente.<br \/>Tener en cuenta las mejores tecnolog\u00edas disponibles en el mercado para conseguir un producto de m\u00e1xima calidad, eficiente y responsable.<br \/>Establecer herramientas de mejora para abordar los riesgos y oportunidades de la organizaci\u00f3n, y conseguir mejorar continuamente la eficacia del sistema de gesti\u00f3n y el desempe\u00f1o ambiental de la organizaci\u00f3n.<br \/>Prevenir la contaminaci\u00f3n minimizando los riesgos ambientales derivados de los aspectos ambientales de la organizaci\u00f3n, desde una perspectiva del ciclo de vida, teniendo en cuenta especialmente la correcta gesti\u00f3n de los residuos generados y el uso sostenible de los recursos.<br \/>Realizar planes de formaci\u00f3n continua para los trabajadores con el fin de asegurar la alta cualificaci\u00f3n y competencia de nuestros profesionales para ofrecer a los clientes un producto innovador y diferenciado.<\/p>\n<h1>\u00a0<\/h1>\n<p>\u00a0<\/p>\n<!-- \/wp:paragraph -->\t\t\t\t\t\t\t\t<\/div>\n\t\t\t\t\t<\/div>\n\t\t\t\t<\/div>\n\t\t\t\t<\/div>","protected":false},"excerpt":{"rendered":"<p>POL\u00cdTICA DE CALIDAD Y MEDIOAMBIENTE CASA ROJO BODEGA Y VI\u00d1EDOS SL. es una empresa dedicada al dise\u00f1o, elaboraci\u00f3n y comercializaci\u00f3n de productos vin\u00edcolas. Nuestra misi\u00f3n es renovar la imagen del mundo del vino llev\u00e1ndolo a ser un producto, una actividad para las nuevas generaciones de consumidores del mundo.Nuestra visi\u00f3n es ser la empresa que marca [&hellip;]<\/p>\n","protected":false},"author":1,"featured_media":0,"parent":0,"menu_order":0,"comment_status":"closed","ping_status":"open","template":"","meta":{"_acf_changed":false,"footnotes":""},"class_list":["post-1130","page","type-page","status-publish","hentry"],"acf":[],"yoast_head":"<!-- This site is optimized with the Yoast SEO plugin v27.4 - https:\/\/yoast.com\/product\/yoast-seo-wordpress\/ -->\n<title>Pol\u00edtica de calidad y medioambiente - Casa Rojo Bodega y Vi\u00f1edos - Web Oficial<\/title>\n<meta name=\"robots\" content=\"index, follow, max-snippet:-1, max-image-preview:large, max-video-preview:-1\" \/>\n<link rel=\"canonical\" href=\"https:\/\/www.casarojo.com\/en\/calidad\/\" \/>\n<meta property=\"og:locale\" content=\"en_GB\" \/>\n<meta property=\"og:type\" content=\"article\" \/>\n<meta property=\"og:title\" content=\"Pol\u00edtica de calidad y medioambiente - Casa Rojo Bodega y Vi\u00f1edos - Web Oficial\" \/>\n<meta property=\"og:description\" content=\"POL\u00cdTICA DE CALIDAD Y MEDIOAMBIENTE CASA ROJO BODEGA Y VI\u00d1EDOS SL. es una empresa dedicada al dise\u00f1o, elaboraci\u00f3n y comercializaci\u00f3n de productos vin\u00edcolas. Nuestra misi\u00f3n es renovar la imagen del mundo del vino llev\u00e1ndolo a ser un producto, una actividad para las nuevas generaciones de consumidores del mundo.Nuestra visi\u00f3n es ser la empresa que marca [&hellip;]\" \/>\n<meta property=\"og:url\" content=\"https:\/\/www.casarojo.com\/en\/calidad\/\" \/>\n<meta property=\"og:site_name\" content=\"Casa Rojo Bodega y Vi\u00f1edos - Web Oficial\" \/>\n<meta property=\"article:publisher\" content=\"https:\/\/www.facebook.com\/casarojoenoturismo\/\" \/>\n<meta property=\"article:modified_time\" content=\"2026-02-01T21:49:53+00:00\" \/>\n<meta name=\"twitter:card\" content=\"summary_large_image\" \/>\n<meta name=\"twitter:label1\" content=\"Estimated reading time\" \/>\n\t<meta name=\"twitter:data1\" content=\"2 minutes\" \/>\n<script type=\"application\/ld+json\" class=\"yoast-schema-graph\">{\"@context\":\"https:\\\/\\\/schema.org\",\"@graph\":[{\"@type\":\"WebPage\",\"@id\":\"https:\\\/\\\/www.casarojo.com\\\/calidad\\\/\",\"url\":\"https:\\\/\\\/www.casarojo.com\\\/calidad\\\/\",\"name\":\"Pol\u00edtica de calidad y medioambiente - Casa Rojo Bodega y Vi\u00f1edos - Web Oficial\",\"isPartOf\":{\"@id\":\"https:\\\/\\\/www.casarojo.com\\\/#website\"},\"datePublished\":\"2026-02-01T21:48:16+00:00\",\"dateModified\":\"2026-02-01T21:49:53+00:00\",\"breadcrumb\":{\"@id\":\"https:\\\/\\\/www.casarojo.com\\\/calidad\\\/#breadcrumb\"},\"inLanguage\":\"en-GB\",\"potentialAction\":[{\"@type\":\"ReadAction\",\"target\":[\"https:\\\/\\\/www.casarojo.com\\\/calidad\\\/\"]}]},{\"@type\":\"BreadcrumbList\",\"@id\":\"https:\\\/\\\/www.casarojo.com\\\/calidad\\\/#breadcrumb\",\"itemListElement\":[{\"@type\":\"ListItem\",\"position\":1,\"name\":\"Portada\",\"item\":\"https:\\\/\\\/www.casarojo.com\\\/en\\\/\"},{\"@type\":\"ListItem\",\"position\":2,\"name\":\"Pol\u00edtica de calidad y medioambiente\"}]},{\"@type\":\"WebSite\",\"@id\":\"https:\\\/\\\/www.casarojo.com\\\/#website\",\"url\":\"https:\\\/\\\/www.casarojo.com\\\/\",\"name\":\"Casa Rojo Bodega y Vi\u00f1edos - Web Oficial\",\"description\":\"Casa Rojo Bodega y Vi\u00f1edos. Ribera del Duero - Tierra de Murcia. Mucho que contar.\",\"publisher\":{\"@id\":\"https:\\\/\\\/www.casarojo.com\\\/#organization\"},\"alternateName\":\"Casa Rojo\",\"potentialAction\":[{\"@type\":\"SearchAction\",\"target\":{\"@type\":\"EntryPoint\",\"urlTemplate\":\"https:\\\/\\\/www.casarojo.com\\\/?s={search_term_string}\"},\"query-input\":{\"@type\":\"PropertyValueSpecification\",\"valueRequired\":true,\"valueName\":\"search_term_string\"}}],\"inLanguage\":\"en-GB\"},{\"@type\":\"Organization\",\"@id\":\"https:\\\/\\\/www.casarojo.com\\\/#organization\",\"name\":\"Casa Rojo Bodega y Vi\u00f1edos - Web Oficial\",\"url\":\"https:\\\/\\\/www.casarojo.com\\\/\",\"logo\":{\"@type\":\"ImageObject\",\"inLanguage\":\"en-GB\",\"@id\":\"https:\\\/\\\/www.casarojo.com\\\/#\\\/schema\\\/logo\\\/image\\\/\",\"url\":\"https:\\\/\\\/www.casarojo.com\\\/wp-content\\\/uploads\\\/2026\\\/01\\\/favicon.jpg\",\"contentUrl\":\"https:\\\/\\\/www.casarojo.com\\\/wp-content\\\/uploads\\\/2026\\\/01\\\/favicon.jpg\",\"width\":150,\"height\":150,\"caption\":\"Casa Rojo Bodega y Vi\u00f1edos - Web Oficial\"},\"image\":{\"@id\":\"https:\\\/\\\/www.casarojo.com\\\/#\\\/schema\\\/logo\\\/image\\\/\"},\"sameAs\":[\"https:\\\/\\\/www.facebook.com\\\/casarojoenoturismo\\\/\",\"https:\\\/\\\/www.instagram.com\\\/bodegascasarojo\\\/\",\"https:\\\/\\\/www.youtube.com\\\/@casarojo2952\\\/\",\"https:\\\/\\\/www.linkedin.com\\\/company\\\/exporto-mediterranean-wines---emw-spain\\\/\",\"https:\\\/\\\/www.tiktok.com\\\/@bodegascasarojo\"]}]}<\/script>\n<!-- \/ Yoast SEO plugin. -->","yoast_head_json":{"title":"Pol\u00edtica de calidad y medioambiente - Casa Rojo Bodega y Vi\u00f1edos - Web Oficial","robots":{"index":"index","follow":"follow","max-snippet":"max-snippet:-1","max-image-preview":"max-image-preview:large","max-video-preview":"max-video-preview:-1"},"canonical":"https:\/\/www.casarojo.com\/en\/calidad\/","og_locale":"en_GB","og_type":"article","og_title":"Pol\u00edtica de calidad y medioambiente - Casa Rojo Bodega y Vi\u00f1edos - Web Oficial","og_description":"POL\u00cdTICA DE CALIDAD Y MEDIOAMBIENTE CASA ROJO BODEGA Y VI\u00d1EDOS SL. es una empresa dedicada al dise\u00f1o, elaboraci\u00f3n y comercializaci\u00f3n de productos vin\u00edcolas. Nuestra misi\u00f3n es renovar la imagen del mundo del vino llev\u00e1ndolo a ser un producto, una actividad para las nuevas generaciones de consumidores del mundo.Nuestra visi\u00f3n es ser la empresa que marca [&hellip;]","og_url":"https:\/\/www.casarojo.com\/en\/calidad\/","og_site_name":"Casa Rojo Bodega y Vi\u00f1edos - Web Oficial","article_publisher":"https:\/\/www.facebook.com\/casarojoenoturismo\/","article_modified_time":"2026-02-01T21:49:53+00:00","twitter_card":"summary_large_image","twitter_misc":{"Estimated reading time":"2 minutes"},"schema":{"@context":"https:\/\/schema.org","@graph":[{"@type":"WebPage","@id":"https:\/\/www.casarojo.com\/calidad\/","url":"https:\/\/www.casarojo.com\/calidad\/","name":"Pol\u00edtica de calidad y medioambiente - Casa Rojo Bodega y Vi\u00f1edos - Web Oficial","isPartOf":{"@id":"https:\/\/www.casarojo.com\/#website"},"datePublished":"2026-02-01T21:48:16+00:00","dateModified":"2026-02-01T21:49:53+00:00","breadcrumb":{"@id":"https:\/\/www.casarojo.com\/calidad\/#breadcrumb"},"inLanguage":"en-GB","potentialAction":[{"@type":"ReadAction","target":["https:\/\/www.casarojo.com\/calidad\/"]}]},{"@type":"BreadcrumbList","@id":"https:\/\/www.casarojo.com\/calidad\/#breadcrumb","itemListElement":[{"@type":"ListItem","position":1,"name":"Portada","item":"https:\/\/www.casarojo.com\/en\/"},{"@type":"ListItem","position":2,"name":"Pol\u00edtica de calidad y medioambiente"}]},{"@type":"WebSite","@id":"https:\/\/www.casarojo.com\/#website","url":"https:\/\/www.casarojo.com\/","name":"Casa Rojo Bodega y Vi\u00f1edos - Web Oficial","description":"Casa Rojo Bodega y Vi\u00f1edos. Ribera del Duero - Tierra de Murcia. Mucho que contar.","publisher":{"@id":"https:\/\/www.casarojo.com\/#organization"},"alternateName":"Casa Rojo","potentialAction":[{"@type":"SearchAction","target":{"@type":"EntryPoint","urlTemplate":"https:\/\/www.casarojo.com\/?s={search_term_string}"},"query-input":{"@type":"PropertyValueSpecification","valueRequired":true,"valueName":"search_term_string"}}],"inLanguage":"en-GB"},{"@type":"Organization","@id":"https:\/\/www.casarojo.com\/#organization","name":"Casa Rojo Bodega y Vi\u00f1edos - Web Oficial","url":"https:\/\/www.casarojo.com\/","logo":{"@type":"ImageObject","inLanguage":"en-GB","@id":"https:\/\/www.casarojo.com\/#\/schema\/logo\/image\/","url":"https:\/\/www.casarojo.com\/wp-content\/uploads\/2026\/01\/favicon.jpg","contentUrl":"https:\/\/www.casarojo.com\/wp-content\/uploads\/2026\/01\/favicon.jpg","width":150,"height":150,"caption":"Casa Rojo Bodega y Vi\u00f1edos - Web Oficial"},"image":{"@id":"https:\/\/www.casarojo.com\/#\/schema\/logo\/image\/"},"sameAs":["https:\/\/www.facebook.com\/casarojoenoturismo\/","https:\/\/www.instagram.com\/bodegascasarojo\/","https:\/\/www.youtube.com\/@casarojo2952\/","https:\/\/www.linkedin.com\/company\/exporto-mediterranean-wines---emw-spain\/","https:\/\/www.tiktok.com\/@bodegascasarojo"]}]}},"ase":null,"_links":{"self":[{"href":"https:\/\/www.casarojo.com\/en\/wp-json\/wp\/v2\/pages\/1130","targetHints":{"allow":["GET"]}}],"collection":[{"href":"https:\/\/www.casarojo.com\/en\/wp-json\/wp\/v2\/pages"}],"about":[{"href":"https:\/\/www.casarojo.com\/en\/wp-json\/wp\/v2\/types\/page"}],"author":[{"embeddable":true,"href":"https:\/\/www.casarojo.com\/en\/wp-json\/wp\/v2\/users\/1"}],"replies":[{"embeddable":true,"href":"https:\/\/www.casarojo.com\/en\/wp-json\/wp\/v2\/comments?post=1130"}],"version-history":[{"count":0,"href":"https:\/\/www.casarojo.com\/en\/wp-json\/wp\/v2\/pages\/1130\/revisions"}],"wp:attachment":[{"href":"https:\/\/www.casarojo.com\/en\/wp-json\/wp\/v2\/media?parent=1130"}],"curies":[{"name":"wp","href":"https:\/\/api.w.org\/{rel}","templated":true}]}}