{"id":1125,"date":"2026-02-01T22:45:41","date_gmt":"2026-02-01T21:45:41","guid":{"rendered":"https:\/\/www.casarojo.com\/?page_id=1125"},"modified":"2026-02-01T22:47:28","modified_gmt":"2026-02-01T21:47:28","slug":"aviso-legal","status":"publish","type":"page","link":"https:\/\/www.casarojo.com\/en\/aviso-legal\/","title":{"rendered":"Legal Notice"},"content":{"rendered":"<div data-elementor-type=\"wp-page\" data-elementor-id=\"1125\" class=\"elementor elementor-1125\" data-elementor-post-type=\"page\">\n\t\t\t\t<div class=\"elementor-element elementor-element-c0fdd63 e-flex e-con-boxed e-con e-parent\" data-id=\"c0fdd63\" data-element_type=\"container\" data-e-type=\"container\">\n\t\t\t\t\t<div class=\"e-con-inner\">\n\t\t\t\t<div class=\"elementor-element elementor-element-520a692 elementor-widget elementor-widget-spacer\" data-id=\"520a692\" data-element_type=\"widget\" data-e-type=\"widget\" data-widget_type=\"spacer.default\">\n\t\t\t\t\t\t\t<div class=\"elementor-spacer\">\n\t\t\t<div class=\"elementor-spacer-inner\"><\/div>\n\t\t<\/div>\n\t\t\t\t\t\t<\/div>\n\t\t\t\t\t<\/div>\n\t\t\t\t<\/div>\n\t\t<div class=\"elementor-element elementor-element-14b827b e-flex e-con-boxed e-con e-parent\" data-id=\"14b827b\" data-element_type=\"container\" data-e-type=\"container\">\n\t\t\t\t\t<div class=\"e-con-inner\">\n\t\t\t\t<div class=\"elementor-element elementor-element-0028a6b elementor-widget elementor-widget-heading\" data-id=\"0028a6b\" data-element_type=\"widget\" data-e-type=\"widget\" data-widget_type=\"heading.default\">\n\t\t\t\t\t<h1 class=\"elementor-heading-title elementor-size-default\">Legal Notice<\/h1>\t\t\t\t<\/div>\n\t\t\t\t\t<\/div>\n\t\t\t\t<\/div>\n\t\t<div class=\"elementor-element elementor-element-7dcad971 e-flex e-con-boxed e-con e-parent\" data-id=\"7dcad971\" data-element_type=\"container\" data-e-type=\"container\">\n\t\t\t\t\t<div class=\"e-con-inner\">\n\t\t\t\t<div class=\"elementor-element elementor-element-6d7313e7 elementor-widget elementor-widget-text-editor\" data-id=\"6d7313e7\" data-element_type=\"widget\" data-e-type=\"widget\" data-widget_type=\"text-editor.default\">\n\t\t\t\t\t\t\t\t\t<p>Esta p\u00e1gina web es titularidad de CASA ROJO BODEGA Y VI\u00d1EDOS SL- CIF B30874705 con domicilio social y fiscal y a efecto de notificaciones en Carretera de la Zarza KM 8, Paraje de La Raja, Murcia. CP 30520<\/p>\n<p>El presente Aviso Legal complementa cualquier T\u00e9rmino de uso espec\u00edfico de aplicaci\u00f3n a las distintas p\u00e1ginas en las que se indique que CASA ROJO BODEGA Y VI\u00d1EDOS SL ostenta su titularidad.<br \/>En caso de no aceptar las cl\u00e1usulas establecidas en el presente Aviso Legal o las cl\u00e1usulas espec\u00edficas de aplicaci\u00f3n, deber\u00e1s abstenerte de acceder y\/o utilizar los servicios y\/o contenidos puestos a su disposici\u00f3n en la P\u00e1gina.<br \/>A continuaci\u00f3n nos referimos a la persona que usa la p\u00e1gina como \u00abel Usuario\u00bb<\/p>\n<p><span style=\"text-decoration: underline;\"><strong>USO DE LA P\u00c1GINA<\/strong><\/span><\/p>\n<p>El Usuario asume la responsabilidad del uso de la P\u00e1gina.El Usuario debe leer el Aviso Legal en todas y cada una de las ocasiones en que acceda a la P\u00e1gina y a sus diferentes secciones como tienda online para la compra de vino, noticias, enoturismo, al ser susceptible de cambios.<br \/>El Usuario est\u00e1 obligado y se compromete a utilizar la P\u00e1gina y los Contenidos de conformidad con la legislaci\u00f3n vigente, el Aviso Legal, y cualquier otro aviso o instrucciones puestos en su conocimiento.<br \/>A tal efecto, el Usuario se obliga y compromete a NO utilizar cualquiera de los Contenidos con fines o efectos il\u00edcitos, lesivos de los derechos e intereses de terceros, o que de cualquier forma puedan da\u00f1ar, inutilizar, sobrecargar, deteriorar o impedir la normal utilizaci\u00f3n de los Contenidos, los equipos inform\u00e1ticos o los documentos, archivos y toda clase de contenidos almacenados en cualquier equipo inform\u00e1tico propios o contratados por CASA ROJO BODEGA Y VI\u00d1EDOS SL.<br \/>El Usuario se obliga y se compromete a no transmitir, difundir o poner a disposici\u00f3n de terceros cualquier clase de material contenido en la P\u00e1gina y sus diferentes secciones (tienda online, enoturismo, vinos\u2026) no pudiendo reproducir, copiar, distribuir, o modificar los Contenidos de la misma; suprimir, manipular o de cualquier forma alterar el \u00abcopyright\u00bb y dem\u00e1s datos identificativos de la reserva de derechos de CASA ROJO BODEGA Y VI\u00d1EDOS SL.<br \/>Este sitio se encuentra reservado \u00fanica y exclusivamente a personas mayores de edad, dado que la legislaci\u00f3n vigente proh\u00edbe la publicidad, venta, consumo y suministro de alcohol a los menores de 18 a\u00f1os. No obstante, la empresa no comprobar\u00e1 la certeza de los datos proporcionados, ni se responsabilizar\u00e1 de aquellas personas menores de edad que entren en esta p\u00e1gina incumpliendo dicha condici\u00f3n de acceso, al corresponder la plena responsabilidad en la determinaci\u00f3n de los concretos contenidos y servicios a los que acceden los menores de edad a las personas mayores de edad que se encuentran a cargo de los mismos exclusivamente.<br \/>La legislaci\u00f3n aduanera de algunos pa\u00edses no permite la entrada de vinos o bebidas alcoh\u00f3licas. El usuario entiende y acepta que estas restricciones aduaneras pueden cambiar con relativa frecuencia y que CASA ROJO BODEGA Y VI\u00d1EDOS SL no tiene responsabilidad por los perjuicios sufridos por esta limitaci\u00f3n.<\/p>\n<p><span style=\"text-decoration: underline;\"><strong>PROPIEDAD INTELECTUAL E INDUSTRIAL, COPYRIGHT<\/strong><\/span><\/p>\n<p>Los contenidos y materiales prestados por CASA ROJO BODEGA Y VI\u00d1EDOS SL o vertidos en este sitio web constituyen una obra en el sentido de la legislaci\u00f3n sobre propiedad intelectual y\/o industrial, por lo que se hallan protegidos por las leyes y convenios internacionales aplicables en la materia. Todos los derechos reservados, y por tanto, su contenido pertenece \u00fanica y exclusivamente a su autor.<\/p>\n<p><span style=\"text-decoration: underline;\"><strong>EXCLUSI\u00d3N DE GARANT\u00cdAS Y LIMITACI\u00d3N DE RESPONSABILIDAD<\/strong><\/span><\/p>\n<p>La empresa no garantiza la disponibilidad y continuidad de la web, de su contenido, ni de los servicios vinculados a la misma, ni su idoneidad. De forma peri\u00f3dica pueden incorporarse cambios a la informaci\u00f3n contenida. En ning\u00fan caso la empresa ser\u00e1 responsable de cualquier da\u00f1o o perjuicio que tenga relaci\u00f3n con, resulte del uso, acceso, o la ineptitud para el uso del contenido de este web o sea causado por cualquier fallo en el funcionamiento, omisi\u00f3n, interrupci\u00f3n, demora en la transmisi\u00f3n, virus inform\u00e1tico o fallo en la l\u00ednea (incluidos da\u00f1os directos, incidentales, derivados, indirectos o penales y cualesquiera otros que pudieran derivarse a\u00fan cuando no se hallen comprendidos en los anteriormente citados) con independencia de que tal p\u00e9rdida o da\u00f1o, tenga origen contractual o extracontractual, surja de nuestra negligencia, responsabilidad objetiva o de cualquier otro tipo e incluso aunque seamos expresamente informados de la posibilidad de tal p\u00e9rdida o da\u00f1o.<br \/>Es responsabilidad de el usuario utilizar un software antivirus para comprobar cualquier material descargado de la web y asegurar la compatibilidad de tal software con su equipo y tambi\u00e9n asumir el coste total de los servicios, reparaciones o correcciones necesarias.<br \/>La empresa \u00fanicamente se responsabiliza de las conductas y contenidos propios y por tanto, no responder\u00e1 de informaciones, manifestaciones, opiniones o conductas manifestadas por el usuario, a\u00fan cuando afecten a los derechos de terceros.<\/p>\n<p>El usuario responder\u00e1 de los da\u00f1os y perjuicios que la empresa pueda sufrir directa o indirectamente, como consecuencia del incumplimiento de cualquiera de las obligaciones derivadas de estos T\u00c9RMINOS Y CONDICIONES o de cualesquiera otras obligaciones legales que fueren aplicables y mantendr\u00e1 indemne a la empresa frente a cualquier sanci\u00f3n, reclamaci\u00f3n o demanda que pudiera interponerse por un tercero, incluidos organismos p\u00fablicos, contra la empresa, sus afiliadas, sucursales, matrices, compa\u00f1\u00edas asociadas o agentes como consecuencia de la violaci\u00f3n de cualesquiera derechos de terceros por parte de dicho usuario por la utilizaci\u00f3n de este sitio o de los servicios y materiales vinculados al mismo en forma contraria a estos T\u00c9RMINOS Y CONDICIONES o a la legislaci\u00f3n aplicable.<br \/>La empresa se reserva el derecho defender y controlar con exclusividad cualquier reclamaci\u00f3n de este tipo y el usuario se compromete a cooperar enteramente con la misma en dicha defensa.<br \/>La empresa no tendr\u00e1 obligaci\u00f3n de supervisar el servicio ni el uso efectuado por el usuario ni conservar los contenidos de ninguna sesi\u00f3n de el usuario. No obstante, podr\u00e1 restringir, suspender o impedir el acceso a este lugar y a los servicios en los contenidos, incluidos los interactivos, si considera que usuario ha violado estos T\u00c9RMINOS Y CONDICIONES o infringido la legislaci\u00f3n vigente, sin perjuicio de ejercitar las acciones que legalmente le correspondan.<\/p>\n<p>Casa Rojo Bodega y Vi\u00f1edos, S.L.<br \/>Carretera de la Zarza, km 8. La Raja.<br \/>30520 Jumilla, Murcia. Espa\u00f1a<br \/>Telf. +34 968 15 15 20<br \/>www.casarojo.com<\/p>\n<p><!-- \/wp:paragraph --><\/p>\t\t\t\t\t\t\t\t<\/div>\n\t\t\t\t\t<\/div>\n\t\t\t\t<\/div>\n\t\t\t\t<\/div>","protected":false},"excerpt":{"rendered":"<p>Aviso legal Esta p\u00e1gina web es titularidad de CASA ROJO BODEGA Y VI\u00d1EDOS SL- CIF B30874705 con domicilio social y fiscal y a efecto de notificaciones en Carretera de la Zarza KM 8, Paraje de La Raja, Murcia. CP 30520 El presente Aviso Legal complementa cualquier T\u00e9rmino de uso espec\u00edfico de aplicaci\u00f3n a las distintas [&hellip;]<\/p>\n","protected":false},"author":1,"featured_media":0,"parent":0,"menu_order":0,"comment_status":"closed","ping_status":"open","template":"","meta":{"_acf_changed":false,"footnotes":""},"class_list":["post-1125","page","type-page","status-publish","hentry"],"acf":[],"yoast_head":"<!-- This site is optimized with the Yoast SEO plugin v27.4 - https:\/\/yoast.com\/product\/yoast-seo-wordpress\/ -->\n<title>Aviso legal - Casa Rojo Bodega y Vi\u00f1edos - Web Oficial<\/title>\n<meta name=\"robots\" content=\"index, follow, max-snippet:-1, max-image-preview:large, max-video-preview:-1\" \/>\n<link rel=\"canonical\" href=\"https:\/\/www.casarojo.com\/en\/aviso-legal\/\" \/>\n<meta property=\"og:locale\" content=\"en_GB\" \/>\n<meta property=\"og:type\" content=\"article\" \/>\n<meta property=\"og:title\" content=\"Aviso legal - Casa Rojo Bodega y Vi\u00f1edos - Web Oficial\" \/>\n<meta property=\"og:description\" content=\"Aviso legal Esta p\u00e1gina web es titularidad de CASA ROJO BODEGA Y VI\u00d1EDOS SL- CIF B30874705 con domicilio social y fiscal y a efecto de notificaciones en Carretera de la Zarza KM 8, Paraje de La Raja, Murcia. CP 30520 El presente Aviso Legal complementa cualquier T\u00e9rmino de uso espec\u00edfico de aplicaci\u00f3n a las distintas [&hellip;]\" \/>\n<meta property=\"og:url\" content=\"https:\/\/www.casarojo.com\/en\/aviso-legal\/\" \/>\n<meta property=\"og:site_name\" content=\"Casa Rojo Bodega y Vi\u00f1edos - Web Oficial\" \/>\n<meta property=\"article:publisher\" content=\"https:\/\/www.facebook.com\/casarojoenoturismo\/\" \/>\n<meta property=\"article:modified_time\" content=\"2026-02-01T21:47:28+00:00\" \/>\n<meta name=\"twitter:card\" content=\"summary_large_image\" \/>\n<meta name=\"twitter:label1\" content=\"Estimated reading time\" \/>\n\t<meta name=\"twitter:data1\" content=\"5 minutes\" \/>\n<script type=\"application\/ld+json\" class=\"yoast-schema-graph\">{\"@context\":\"https:\\\/\\\/schema.org\",\"@graph\":[{\"@type\":\"WebPage\",\"@id\":\"https:\\\/\\\/www.casarojo.com\\\/aviso-legal\\\/\",\"url\":\"https:\\\/\\\/www.casarojo.com\\\/aviso-legal\\\/\",\"name\":\"Aviso legal - Casa Rojo Bodega y Vi\u00f1edos - Web Oficial\",\"isPartOf\":{\"@id\":\"https:\\\/\\\/www.casarojo.com\\\/#website\"},\"datePublished\":\"2026-02-01T21:45:41+00:00\",\"dateModified\":\"2026-02-01T21:47:28+00:00\",\"breadcrumb\":{\"@id\":\"https:\\\/\\\/www.casarojo.com\\\/aviso-legal\\\/#breadcrumb\"},\"inLanguage\":\"en-GB\",\"potentialAction\":[{\"@type\":\"ReadAction\",\"target\":[\"https:\\\/\\\/www.casarojo.com\\\/aviso-legal\\\/\"]}]},{\"@type\":\"BreadcrumbList\",\"@id\":\"https:\\\/\\\/www.casarojo.com\\\/aviso-legal\\\/#breadcrumb\",\"itemListElement\":[{\"@type\":\"ListItem\",\"position\":1,\"name\":\"Portada\",\"item\":\"https:\\\/\\\/www.casarojo.com\\\/en\\\/\"},{\"@type\":\"ListItem\",\"position\":2,\"name\":\"Aviso legal\"}]},{\"@type\":\"WebSite\",\"@id\":\"https:\\\/\\\/www.casarojo.com\\\/#website\",\"url\":\"https:\\\/\\\/www.casarojo.com\\\/\",\"name\":\"Casa Rojo Bodega y Vi\u00f1edos - Web Oficial\",\"description\":\"Casa Rojo Bodega y Vi\u00f1edos. Ribera del Duero - Tierra de Murcia. Mucho que contar.\",\"publisher\":{\"@id\":\"https:\\\/\\\/www.casarojo.com\\\/#organization\"},\"alternateName\":\"Casa Rojo\",\"potentialAction\":[{\"@type\":\"SearchAction\",\"target\":{\"@type\":\"EntryPoint\",\"urlTemplate\":\"https:\\\/\\\/www.casarojo.com\\\/?s={search_term_string}\"},\"query-input\":{\"@type\":\"PropertyValueSpecification\",\"valueRequired\":true,\"valueName\":\"search_term_string\"}}],\"inLanguage\":\"en-GB\"},{\"@type\":\"Organization\",\"@id\":\"https:\\\/\\\/www.casarojo.com\\\/#organization\",\"name\":\"Casa Rojo Bodega y Vi\u00f1edos - Web Oficial\",\"url\":\"https:\\\/\\\/www.casarojo.com\\\/\",\"logo\":{\"@type\":\"ImageObject\",\"inLanguage\":\"en-GB\",\"@id\":\"https:\\\/\\\/www.casarojo.com\\\/#\\\/schema\\\/logo\\\/image\\\/\",\"url\":\"https:\\\/\\\/www.casarojo.com\\\/wp-content\\\/uploads\\\/2026\\\/01\\\/favicon.jpg\",\"contentUrl\":\"https:\\\/\\\/www.casarojo.com\\\/wp-content\\\/uploads\\\/2026\\\/01\\\/favicon.jpg\",\"width\":150,\"height\":150,\"caption\":\"Casa Rojo Bodega y Vi\u00f1edos - Web Oficial\"},\"image\":{\"@id\":\"https:\\\/\\\/www.casarojo.com\\\/#\\\/schema\\\/logo\\\/image\\\/\"},\"sameAs\":[\"https:\\\/\\\/www.facebook.com\\\/casarojoenoturismo\\\/\",\"https:\\\/\\\/www.instagram.com\\\/bodegascasarojo\\\/\",\"https:\\\/\\\/www.youtube.com\\\/@casarojo2952\\\/\",\"https:\\\/\\\/www.linkedin.com\\\/company\\\/exporto-mediterranean-wines---emw-spain\\\/\",\"https:\\\/\\\/www.tiktok.com\\\/@bodegascasarojo\"]}]}<\/script>\n<!-- \/ Yoast SEO plugin. -->","yoast_head_json":{"title":"Aviso legal - Casa Rojo Bodega y Vi\u00f1edos - Web Oficial","robots":{"index":"index","follow":"follow","max-snippet":"max-snippet:-1","max-image-preview":"max-image-preview:large","max-video-preview":"max-video-preview:-1"},"canonical":"https:\/\/www.casarojo.com\/en\/aviso-legal\/","og_locale":"en_GB","og_type":"article","og_title":"Aviso legal - Casa Rojo Bodega y Vi\u00f1edos - Web Oficial","og_description":"Aviso legal Esta p\u00e1gina web es titularidad de CASA ROJO BODEGA Y VI\u00d1EDOS SL- CIF B30874705 con domicilio social y fiscal y a efecto de notificaciones en Carretera de la Zarza KM 8, Paraje de La Raja, Murcia. CP 30520 El presente Aviso Legal complementa cualquier T\u00e9rmino de uso espec\u00edfico de aplicaci\u00f3n a las distintas [&hellip;]","og_url":"https:\/\/www.casarojo.com\/en\/aviso-legal\/","og_site_name":"Casa Rojo Bodega y Vi\u00f1edos - Web Oficial","article_publisher":"https:\/\/www.facebook.com\/casarojoenoturismo\/","article_modified_time":"2026-02-01T21:47:28+00:00","twitter_card":"summary_large_image","twitter_misc":{"Estimated reading time":"5 minutes"},"schema":{"@context":"https:\/\/schema.org","@graph":[{"@type":"WebPage","@id":"https:\/\/www.casarojo.com\/aviso-legal\/","url":"https:\/\/www.casarojo.com\/aviso-legal\/","name":"Aviso legal - Casa Rojo Bodega y Vi\u00f1edos - Web Oficial","isPartOf":{"@id":"https:\/\/www.casarojo.com\/#website"},"datePublished":"2026-02-01T21:45:41+00:00","dateModified":"2026-02-01T21:47:28+00:00","breadcrumb":{"@id":"https:\/\/www.casarojo.com\/aviso-legal\/#breadcrumb"},"inLanguage":"en-GB","potentialAction":[{"@type":"ReadAction","target":["https:\/\/www.casarojo.com\/aviso-legal\/"]}]},{"@type":"BreadcrumbList","@id":"https:\/\/www.casarojo.com\/aviso-legal\/#breadcrumb","itemListElement":[{"@type":"ListItem","position":1,"name":"Portada","item":"https:\/\/www.casarojo.com\/en\/"},{"@type":"ListItem","position":2,"name":"Aviso legal"}]},{"@type":"WebSite","@id":"https:\/\/www.casarojo.com\/#website","url":"https:\/\/www.casarojo.com\/","name":"Casa Rojo Bodega y Vi\u00f1edos - Web Oficial","description":"Casa Rojo Bodega y Vi\u00f1edos. Ribera del Duero - Tierra de Murcia. Mucho que contar.","publisher":{"@id":"https:\/\/www.casarojo.com\/#organization"},"alternateName":"Casa Rojo","potentialAction":[{"@type":"SearchAction","target":{"@type":"EntryPoint","urlTemplate":"https:\/\/www.casarojo.com\/?s={search_term_string}"},"query-input":{"@type":"PropertyValueSpecification","valueRequired":true,"valueName":"search_term_string"}}],"inLanguage":"en-GB"},{"@type":"Organization","@id":"https:\/\/www.casarojo.com\/#organization","name":"Casa Rojo Bodega y Vi\u00f1edos - Web Oficial","url":"https:\/\/www.casarojo.com\/","logo":{"@type":"ImageObject","inLanguage":"en-GB","@id":"https:\/\/www.casarojo.com\/#\/schema\/logo\/image\/","url":"https:\/\/www.casarojo.com\/wp-content\/uploads\/2026\/01\/favicon.jpg","contentUrl":"https:\/\/www.casarojo.com\/wp-content\/uploads\/2026\/01\/favicon.jpg","width":150,"height":150,"caption":"Casa Rojo Bodega y Vi\u00f1edos - Web Oficial"},"image":{"@id":"https:\/\/www.casarojo.com\/#\/schema\/logo\/image\/"},"sameAs":["https:\/\/www.facebook.com\/casarojoenoturismo\/","https:\/\/www.instagram.com\/bodegascasarojo\/","https:\/\/www.youtube.com\/@casarojo2952\/","https:\/\/www.linkedin.com\/company\/exporto-mediterranean-wines---emw-spain\/","https:\/\/www.tiktok.com\/@bodegascasarojo"]}]}},"ase":null,"_links":{"self":[{"href":"https:\/\/www.casarojo.com\/en\/wp-json\/wp\/v2\/pages\/1125","targetHints":{"allow":["GET"]}}],"collection":[{"href":"https:\/\/www.casarojo.com\/en\/wp-json\/wp\/v2\/pages"}],"about":[{"href":"https:\/\/www.casarojo.com\/en\/wp-json\/wp\/v2\/types\/page"}],"author":[{"embeddable":true,"href":"https:\/\/www.casarojo.com\/en\/wp-json\/wp\/v2\/users\/1"}],"replies":[{"embeddable":true,"href":"https:\/\/www.casarojo.com\/en\/wp-json\/wp\/v2\/comments?post=1125"}],"version-history":[{"count":0,"href":"https:\/\/www.casarojo.com\/en\/wp-json\/wp\/v2\/pages\/1125\/revisions"}],"wp:attachment":[{"href":"https:\/\/www.casarojo.com\/en\/wp-json\/wp\/v2\/media?parent=1125"}],"curies":[{"name":"wp","href":"https:\/\/api.w.org\/{rel}","templated":true}]}}